{"id":4291,"date":"2021-03-15T14:39:46","date_gmt":"2021-03-15T13:39:46","guid":{"rendered":"https:\/\/abvision.pl\/?post_type=product&#038;p=4291"},"modified":"2021-03-15T14:40:04","modified_gmt":"2021-03-15T13:40:04","slug":"trybunka-qstandard","status":"publish","type":"product","link":"https:\/\/abvision.pl\/en\/p\/trybunka-qstandard\/","title":{"rendered":"Trybunka Qstandard"},"content":{"rendered":"<p style=\"text-align: center;\">&#8211; ultralekka, samorozk\u0142adaj\u0105ca konstrukcja<br \/>\n&#8211; wydruk na tkaninie poliestrowej,&nbsp;<br \/>\n&#8211; blat z tworzywa sztucznego,<br \/>\n&#8211; ca\u0142o\u015b\u0107 sk\u0142adana do niewielkiej torby transportowej,<br \/>\n&#8211; system wielokrotnego u\u017cytku, mo\u017cliwo\u015b\u0107 wielu wydruk\u00f3w do jednej konstrukcji<br \/>\n&#8211; gwarancja: 2 lata na konstrukcj\u0119, 12 miesi\u0119cy na wydruk<\/p>\n<p style=\"text-align: center;\"><b><i><u>Wymiary<\/u><\/i><\/b><b><i><u>:<\/u><\/i><\/b><br \/>\nwys. 90cm<br \/>\nszer. 70cm<br \/>\ng\u0142\u0119b. 40cm<br \/>\nwaga: 5kg<\/p>\n","protected":false},"excerpt":{"rendered":"<p>&#8211; ultralekka, samorozk\u0142adaj\u0105ca konstrukcja &#8211; wydruk na tkaninie poliestrowej,&nbsp; &#8211; blat z tworzywa sztucznego, &#8211; ca\u0142o\u015b\u0107 sk\u0142adana do niewielkiej torby transportowej, &#8211; system wielokrotnego u\u017cytku, mo\u017cliwo\u015b\u0107 wielu wydruk\u00f3w do jednej&hellip;<\/p>\n","protected":false},"featured_media":4292,"template":"","meta":{"ngg_post_thumbnail":0},"product_cat":[127],"product_tag":[],"yoast_head":"<!-- This site is optimized with the Yoast SEO plugin v19.6.1 - https:\/\/yoast.com\/wordpress\/plugins\/seo\/ -->\n<title>Trybunka Qstandard | Ab Vision<\/title>\n<meta name=\"robots\" content=\"index, follow, max-snippet:-1, max-image-preview:large, max-video-preview:-1\" \/>\n<link rel=\"canonical\" href=\"https:\/\/abvision.pl\/p\/trybunka-qstandard\/\" \/>\n<meta property=\"og:locale\" content=\"en_US\" \/>\n<meta property=\"og:type\" content=\"article\" \/>\n<meta property=\"og:title\" content=\"Trybunka Qstandard | Ab Vision\" \/>\n<meta property=\"og:description\" content=\"&#8211; ultralekka, samorozk\u0142adaj\u0105ca konstrukcja &#8211; wydruk na tkaninie poliestrowej,&nbsp; &#8211; blat z tworzywa sztucznego, &#8211; ca\u0142o\u015b\u0107 sk\u0142adana do niewielkiej torby transportowej, &#8211; system wielokrotnego u\u017cytku, mo\u017cliwo\u015b\u0107 wielu wydruk\u00f3w do jednej&hellip;\" \/>\n<meta property=\"og:url\" content=\"https:\/\/abvision.pl\/p\/trybunka-qstandard\/\" \/>\n<meta property=\"og:site_name\" content=\"Ab Vision\" \/>\n<meta property=\"article:publisher\" content=\"https:\/\/www.facebook.com\/agencja.abvision\/\" \/>\n<meta property=\"article:modified_time\" content=\"2021-03-15T13:40:04+00:00\" \/>\n<meta property=\"og:image\" content=\"https:\/\/abvision.pl\/wp-content\/uploads\/2021\/03\/wiz-quick.jpg\" \/>\n\t<meta property=\"og:image:width\" content=\"2560\" \/>\n\t<meta property=\"og:image:height\" content=\"1440\" \/>\n\t<meta property=\"og:image:type\" content=\"image\/jpeg\" \/>\n<meta name=\"twitter:card\" content=\"summary_large_image\" \/>\n<meta name=\"twitter:label1\" content=\"Est. reading time\" \/>\n\t<meta name=\"twitter:data1\" content=\"1 minute\" \/>\n<script type=\"application\/ld+json\" class=\"yoast-schema-graph\">{\"@context\":\"https:\/\/schema.org\",\"@graph\":[{\"@type\":\"WebPage\",\"@id\":\"https:\/\/abvision.pl\/p\/trybunka-qstandard\/\",\"url\":\"https:\/\/abvision.pl\/p\/trybunka-qstandard\/\",\"name\":\"Trybunka Qstandard | Ab Vision\",\"isPartOf\":{\"@id\":\"https:\/\/abvision.pl\/#website\"},\"datePublished\":\"2021-03-15T13:39:46+00:00\",\"dateModified\":\"2021-03-15T13:40:04+00:00\",\"breadcrumb\":{\"@id\":\"https:\/\/abvision.pl\/p\/trybunka-qstandard\/#breadcrumb\"},\"inLanguage\":\"en-US\",\"potentialAction\":[{\"@type\":\"ReadAction\",\"target\":[\"https:\/\/abvision.pl\/p\/trybunka-qstandard\/\"]}]},{\"@type\":\"BreadcrumbList\",\"@id\":\"https:\/\/abvision.pl\/p\/trybunka-qstandard\/#breadcrumb\",\"itemListElement\":[{\"@type\":\"ListItem\",\"position\":1,\"name\":\"Strona g\u0142\u00f3wna\",\"item\":\"https:\/\/abvision.pl\/en\/home-page-4\/\"},{\"@type\":\"ListItem\",\"position\":2,\"name\":\"Shop\",\"item\":\"https:\/\/abvision.pl\/en\/shop\/\"},{\"@type\":\"ListItem\",\"position\":3,\"name\":\"Trybunka Qstandard\"}]},{\"@type\":\"WebSite\",\"@id\":\"https:\/\/abvision.pl\/#website\",\"url\":\"https:\/\/abvision.pl\/\",\"name\":\"Ab Vision\",\"description\":\"\",\"potentialAction\":[{\"@type\":\"SearchAction\",\"target\":{\"@type\":\"EntryPoint\",\"urlTemplate\":\"https:\/\/abvision.pl\/?s={search_term_string}\"},\"query-input\":\"required name=search_term_string\"}],\"inLanguage\":\"en-US\"}]}<\/script>\n<!-- \/ Yoast SEO plugin. -->","yoast_head_json":{"title":"Trybunka Qstandard | Ab Vision","robots":{"index":"index","follow":"follow","max-snippet":"max-snippet:-1","max-image-preview":"max-image-preview:large","max-video-preview":"max-video-preview:-1"},"canonical":"https:\/\/abvision.pl\/p\/trybunka-qstandard\/","og_locale":"en_US","og_type":"article","og_title":"Trybunka Qstandard | Ab Vision","og_description":"&#8211; ultralekka, samorozk\u0142adaj\u0105ca konstrukcja &#8211; wydruk na tkaninie poliestrowej,&nbsp; &#8211; blat z tworzywa sztucznego, &#8211; ca\u0142o\u015b\u0107 sk\u0142adana do niewielkiej torby transportowej, &#8211; system wielokrotnego u\u017cytku, mo\u017cliwo\u015b\u0107 wielu wydruk\u00f3w do jednej&hellip;","og_url":"https:\/\/abvision.pl\/p\/trybunka-qstandard\/","og_site_name":"Ab Vision","article_publisher":"https:\/\/www.facebook.com\/agencja.abvision\/","article_modified_time":"2021-03-15T13:40:04+00:00","og_image":[{"width":2560,"height":1440,"url":"https:\/\/abvision.pl\/wp-content\/uploads\/2021\/03\/wiz-quick.jpg","type":"image\/jpeg"}],"twitter_card":"summary_large_image","twitter_misc":{"Est. reading time":"1 minute"},"schema":{"@context":"https:\/\/schema.org","@graph":[{"@type":"WebPage","@id":"https:\/\/abvision.pl\/p\/trybunka-qstandard\/","url":"https:\/\/abvision.pl\/p\/trybunka-qstandard\/","name":"Trybunka Qstandard | Ab Vision","isPartOf":{"@id":"https:\/\/abvision.pl\/#website"},"datePublished":"2021-03-15T13:39:46+00:00","dateModified":"2021-03-15T13:40:04+00:00","breadcrumb":{"@id":"https:\/\/abvision.pl\/p\/trybunka-qstandard\/#breadcrumb"},"inLanguage":"en-US","potentialAction":[{"@type":"ReadAction","target":["https:\/\/abvision.pl\/p\/trybunka-qstandard\/"]}]},{"@type":"BreadcrumbList","@id":"https:\/\/abvision.pl\/p\/trybunka-qstandard\/#breadcrumb","itemListElement":[{"@type":"ListItem","position":1,"name":"Strona g\u0142\u00f3wna","item":"https:\/\/abvision.pl\/en\/home-page-4\/"},{"@type":"ListItem","position":2,"name":"Shop","item":"https:\/\/abvision.pl\/en\/shop\/"},{"@type":"ListItem","position":3,"name":"Trybunka Qstandard"}]},{"@type":"WebSite","@id":"https:\/\/abvision.pl\/#website","url":"https:\/\/abvision.pl\/","name":"Ab Vision","description":"","potentialAction":[{"@type":"SearchAction","target":{"@type":"EntryPoint","urlTemplate":"https:\/\/abvision.pl\/?s={search_term_string}"},"query-input":"required name=search_term_string"}],"inLanguage":"en-US"}]}},"_links":{"self":[{"href":"https:\/\/abvision.pl\/en\/wp-json\/wp\/v2\/product\/4291"}],"collection":[{"href":"https:\/\/abvision.pl\/en\/wp-json\/wp\/v2\/product"}],"about":[{"href":"https:\/\/abvision.pl\/en\/wp-json\/wp\/v2\/types\/product"}],"wp:featuredmedia":[{"embeddable":true,"href":"https:\/\/abvision.pl\/en\/wp-json\/wp\/v2\/media\/4292"}],"wp:attachment":[{"href":"https:\/\/abvision.pl\/en\/wp-json\/wp\/v2\/media?parent=4291"}],"wp:term":[{"taxonomy":"product_cat","embeddable":true,"href":"https:\/\/abvision.pl\/en\/wp-json\/wp\/v2\/product_cat?post=4291"},{"taxonomy":"product_tag","embeddable":true,"href":"https:\/\/abvision.pl\/en\/wp-json\/wp\/v2\/product_tag?post=4291"}],"curies":[{"name":"wp","href":"https:\/\/api.w.org\/{rel}","templated":true}]}}