{"id":4217,"date":"2021-03-15T11:02:03","date_gmt":"2021-03-15T10:02:03","guid":{"rendered":"https:\/\/abvision.pl\/?post_type=product&#038;p=4217"},"modified":"2021-03-15T12:47:28","modified_gmt":"2021-03-15T11:47:28","slug":"podstawa-stalowa-12kg","status":"publish","type":"product","link":"https:\/\/abvision.pl\/en\/p\/podstawa-stalowa-12kg\/","title":{"rendered":"Podstawa stalowa 12kg"},"content":{"rendered":"<p style=\"text-align: center;\">Podstawa stalowa 12kg.<br \/>\nWymiary: 50x50cm z rotatorem.<br \/>\nPodstawa nadaje si\u0119 na twarde pod\u0142o\u017ce.<br \/>\nPodsumowuj\u0105c pasuje do wszystkich dost\u0119pnych maszt\u00f3w w sklepie.<\/p>\n","protected":false},"excerpt":{"rendered":"<p>Podstawa stalowa 12kg. Wymiary: 50x50cm z rotatorem. Podstawa nadaje si\u0119 na twarde pod\u0142o\u017ce. Podsumowuj\u0105c pasuje do wszystkich dost\u0119pnych maszt\u00f3w w sklepie.<\/p>\n","protected":false},"featured_media":4247,"template":"","meta":{"ngg_post_thumbnail":0},"product_cat":[66],"product_tag":[],"yoast_head":"<!-- This site is optimized with the Yoast SEO plugin v19.6.1 - https:\/\/yoast.com\/wordpress\/plugins\/seo\/ -->\n<title>Podstawa stalowa 12kg | Ab Vision<\/title>\n<meta name=\"robots\" content=\"index, follow, max-snippet:-1, max-image-preview:large, max-video-preview:-1\" \/>\n<link rel=\"canonical\" href=\"https:\/\/abvision.pl\/p\/podstawa-stalowa-12kg\/\" \/>\n<meta property=\"og:locale\" content=\"en_US\" \/>\n<meta property=\"og:type\" content=\"article\" \/>\n<meta property=\"og:title\" content=\"Podstawa stalowa 12kg | Ab Vision\" \/>\n<meta property=\"og:description\" content=\"Podstawa stalowa 12kg. Wymiary: 50x50cm z rotatorem. Podstawa nadaje si\u0119 na twarde pod\u0142o\u017ce. Podsumowuj\u0105c pasuje do wszystkich dost\u0119pnych maszt\u00f3w w sklepie.\" \/>\n<meta property=\"og:url\" content=\"https:\/\/abvision.pl\/p\/podstawa-stalowa-12kg\/\" \/>\n<meta property=\"og:site_name\" content=\"Ab Vision\" \/>\n<meta property=\"article:publisher\" content=\"https:\/\/www.facebook.com\/agencja.abvision\/\" \/>\n<meta property=\"article:modified_time\" content=\"2021-03-15T11:47:28+00:00\" \/>\n<meta property=\"og:image\" content=\"https:\/\/abvision.pl\/wp-content\/uploads\/2021\/03\/podstawa-stalowa-12-3.jpg\" \/>\n\t<meta property=\"og:image:width\" content=\"758\" \/>\n\t<meta property=\"og:image:height\" content=\"900\" \/>\n\t<meta property=\"og:image:type\" content=\"image\/jpeg\" \/>\n<meta name=\"twitter:card\" content=\"summary_large_image\" \/>\n<meta name=\"twitter:label1\" content=\"Est. reading time\" \/>\n\t<meta name=\"twitter:data1\" content=\"1 minute\" \/>\n<script type=\"application\/ld+json\" class=\"yoast-schema-graph\">{\"@context\":\"https:\/\/schema.org\",\"@graph\":[{\"@type\":\"WebPage\",\"@id\":\"https:\/\/abvision.pl\/p\/podstawa-stalowa-12kg\/\",\"url\":\"https:\/\/abvision.pl\/p\/podstawa-stalowa-12kg\/\",\"name\":\"Podstawa stalowa 12kg | Ab Vision\",\"isPartOf\":{\"@id\":\"https:\/\/abvision.pl\/#website\"},\"datePublished\":\"2021-03-15T10:02:03+00:00\",\"dateModified\":\"2021-03-15T11:47:28+00:00\",\"breadcrumb\":{\"@id\":\"https:\/\/abvision.pl\/p\/podstawa-stalowa-12kg\/#breadcrumb\"},\"inLanguage\":\"en-US\",\"potentialAction\":[{\"@type\":\"ReadAction\",\"target\":[\"https:\/\/abvision.pl\/p\/podstawa-stalowa-12kg\/\"]}]},{\"@type\":\"BreadcrumbList\",\"@id\":\"https:\/\/abvision.pl\/p\/podstawa-stalowa-12kg\/#breadcrumb\",\"itemListElement\":[{\"@type\":\"ListItem\",\"position\":1,\"name\":\"Strona g\u0142\u00f3wna\",\"item\":\"https:\/\/abvision.pl\/en\/home-page-4\/\"},{\"@type\":\"ListItem\",\"position\":2,\"name\":\"Shop\",\"item\":\"https:\/\/abvision.pl\/en\/shop\/\"},{\"@type\":\"ListItem\",\"position\":3,\"name\":\"Podstawa stalowa 12kg\"}]},{\"@type\":\"WebSite\",\"@id\":\"https:\/\/abvision.pl\/#website\",\"url\":\"https:\/\/abvision.pl\/\",\"name\":\"Ab Vision\",\"description\":\"\",\"potentialAction\":[{\"@type\":\"SearchAction\",\"target\":{\"@type\":\"EntryPoint\",\"urlTemplate\":\"https:\/\/abvision.pl\/?s={search_term_string}\"},\"query-input\":\"required name=search_term_string\"}],\"inLanguage\":\"en-US\"}]}<\/script>\n<!-- \/ Yoast SEO plugin. -->","yoast_head_json":{"title":"Podstawa stalowa 12kg | Ab Vision","robots":{"index":"index","follow":"follow","max-snippet":"max-snippet:-1","max-image-preview":"max-image-preview:large","max-video-preview":"max-video-preview:-1"},"canonical":"https:\/\/abvision.pl\/p\/podstawa-stalowa-12kg\/","og_locale":"en_US","og_type":"article","og_title":"Podstawa stalowa 12kg | Ab Vision","og_description":"Podstawa stalowa 12kg. Wymiary: 50x50cm z rotatorem. Podstawa nadaje si\u0119 na twarde pod\u0142o\u017ce. Podsumowuj\u0105c pasuje do wszystkich dost\u0119pnych maszt\u00f3w w sklepie.","og_url":"https:\/\/abvision.pl\/p\/podstawa-stalowa-12kg\/","og_site_name":"Ab Vision","article_publisher":"https:\/\/www.facebook.com\/agencja.abvision\/","article_modified_time":"2021-03-15T11:47:28+00:00","og_image":[{"width":758,"height":900,"url":"https:\/\/abvision.pl\/wp-content\/uploads\/2021\/03\/podstawa-stalowa-12-3.jpg","type":"image\/jpeg"}],"twitter_card":"summary_large_image","twitter_misc":{"Est. reading time":"1 minute"},"schema":{"@context":"https:\/\/schema.org","@graph":[{"@type":"WebPage","@id":"https:\/\/abvision.pl\/p\/podstawa-stalowa-12kg\/","url":"https:\/\/abvision.pl\/p\/podstawa-stalowa-12kg\/","name":"Podstawa stalowa 12kg | Ab Vision","isPartOf":{"@id":"https:\/\/abvision.pl\/#website"},"datePublished":"2021-03-15T10:02:03+00:00","dateModified":"2021-03-15T11:47:28+00:00","breadcrumb":{"@id":"https:\/\/abvision.pl\/p\/podstawa-stalowa-12kg\/#breadcrumb"},"inLanguage":"en-US","potentialAction":[{"@type":"ReadAction","target":["https:\/\/abvision.pl\/p\/podstawa-stalowa-12kg\/"]}]},{"@type":"BreadcrumbList","@id":"https:\/\/abvision.pl\/p\/podstawa-stalowa-12kg\/#breadcrumb","itemListElement":[{"@type":"ListItem","position":1,"name":"Strona g\u0142\u00f3wna","item":"https:\/\/abvision.pl\/en\/home-page-4\/"},{"@type":"ListItem","position":2,"name":"Shop","item":"https:\/\/abvision.pl\/en\/shop\/"},{"@type":"ListItem","position":3,"name":"Podstawa stalowa 12kg"}]},{"@type":"WebSite","@id":"https:\/\/abvision.pl\/#website","url":"https:\/\/abvision.pl\/","name":"Ab Vision","description":"","potentialAction":[{"@type":"SearchAction","target":{"@type":"EntryPoint","urlTemplate":"https:\/\/abvision.pl\/?s={search_term_string}"},"query-input":"required name=search_term_string"}],"inLanguage":"en-US"}]}},"_links":{"self":[{"href":"https:\/\/abvision.pl\/en\/wp-json\/wp\/v2\/product\/4217"}],"collection":[{"href":"https:\/\/abvision.pl\/en\/wp-json\/wp\/v2\/product"}],"about":[{"href":"https:\/\/abvision.pl\/en\/wp-json\/wp\/v2\/types\/product"}],"wp:featuredmedia":[{"embeddable":true,"href":"https:\/\/abvision.pl\/en\/wp-json\/wp\/v2\/media\/4247"}],"wp:attachment":[{"href":"https:\/\/abvision.pl\/en\/wp-json\/wp\/v2\/media?parent=4217"}],"wp:term":[{"taxonomy":"product_cat","embeddable":true,"href":"https:\/\/abvision.pl\/en\/wp-json\/wp\/v2\/product_cat?post=4217"},{"taxonomy":"product_tag","embeddable":true,"href":"https:\/\/abvision.pl\/en\/wp-json\/wp\/v2\/product_tag?post=4217"}],"curies":[{"name":"wp","href":"https:\/\/api.w.org\/{rel}","templated":true}]}}