{"id":4162,"date":"2020-11-13T15:08:20","date_gmt":"2020-11-13T14:08:20","guid":{"rendered":"https:\/\/abvision.pl\/?post_type=product&#038;p=4162"},"modified":"2020-11-13T15:10:12","modified_gmt":"2020-11-13T14:10:12","slug":"plotno-canvas","status":"publish","type":"product","link":"https:\/\/abvision.pl\/en\/p\/plotno-canvas\/","title":{"rendered":"P\u0142\u00f3tno Canvas"},"content":{"rendered":"<div id=\"jig1\" class=\"justified-image-grid jig-887aea780cdd82d87af569583e0cd303 jig-preset-global\"><div class=\"jig-clearfix\"><\/div><noscript id=\"jig1-html\" class=\"justified-image-grid-html\" data-lazy-src=\"skiplazyload\" data-src=\"skipunveillazyload\"><ul><li><a href=\"https:\/\/abvision.pl\/wp-content\/uploads\/2020\/11\/obraz4-1024x760.png\"><img src=\"https:\/\/abvision.pl\/wp-content\/plugins\/justified-image-grid\/timthumb.php?src=https%3A%2F%2Fabvision.pl%2Fwp-content%2Fuploads%2F2020%2F11%2Fobraz4-1024x760.png&amp;h=230&amp;q=90&amp;f=.png\" alt=\"obraz4\" width=\"309\" height=\"230\" \/><\/a><p class=\"jig-HTMLdescription\">obraz4<br\/><\/p><\/li><li><a href=\"https:\/\/abvision.pl\/wp-content\/uploads\/2020\/11\/obraz3-963x1024.png\"><img src=\"https:\/\/abvision.pl\/wp-content\/plugins\/justified-image-grid\/timthumb.php?src=https%3A%2F%2Fabvision.pl%2Fwp-content%2Fuploads%2F2020%2F11%2Fobraz3-963x1024.png&amp;h=230&amp;q=90&amp;f=.png\" alt=\"obraz3\" width=\"216\" height=\"230\" \/><\/a><p class=\"jig-HTMLdescription\">obraz3<br\/><\/p><\/li><li><a href=\"https:\/\/abvision.pl\/wp-content\/uploads\/2020\/11\/obraz1-957x1024.png\"><img src=\"https:\/\/abvision.pl\/wp-content\/plugins\/justified-image-grid\/timthumb.php?src=https%3A%2F%2Fabvision.pl%2Fwp-content%2Fuploads%2F2020%2F11%2Fobraz1-957x1024.png&amp;h=230&amp;q=90&amp;f=.png\" alt=\"obraz1\" width=\"214\" height=\"230\" \/><\/a><p class=\"jig-HTMLdescription\">obraz1<br\/><\/p><\/li><\/ul><\/noscript><\/div>\n<p style=\"text-align: left;\">Obraz na p\u0142\u00f3tnie wykonany technik\u0105 sublimacji.<\/p>\n<p style=\"text-align: left;\">Mo\u017cliwo\u015b\u0107 przeniesienia na p\u0142\u00f3tno praktycznie ka\u017cdego zdj\u0119cia lub grafiki.<\/p>\n<p style=\"text-align: left;\">Standardowe wymiary: 50&#215;70 cm \/ 100&#215;70 cm\/ 120&#215;80 cm\/ 150&#215;100 cm.<\/p>\n<p style=\"text-align: left;\">Inne wymiary do uzgodnienia.<\/p>\n","protected":false},"excerpt":{"rendered":"<p>Obraz na p\u0142\u00f3tnie wykonany technik\u0105 sublimacji. Mo\u017cliwo\u015b\u0107 przeniesienia na p\u0142\u00f3tno praktycznie ka\u017cdego zdj\u0119cia lub grafiki. Standardowe wymiary: 50&#215;70 cm \/ 100&#215;70 cm\/ 120&#215;80 cm\/ 150&#215;100 cm. Inne wymiary do uzgodnienia.<\/p>\n","protected":false},"featured_media":4163,"template":"","meta":{"ngg_post_thumbnail":0},"product_cat":[212],"product_tag":[],"yoast_head":"<!-- This site is optimized with the Yoast SEO plugin v19.6.1 - https:\/\/yoast.com\/wordpress\/plugins\/seo\/ -->\n<title>P\u0142\u00f3tno Canvas | Ab Vision<\/title>\n<meta name=\"robots\" content=\"index, follow, max-snippet:-1, max-image-preview:large, max-video-preview:-1\" \/>\n<link rel=\"canonical\" href=\"https:\/\/abvision.pl\/p\/plotno-canvas\/\" \/>\n<meta property=\"og:locale\" content=\"en_US\" \/>\n<meta property=\"og:type\" content=\"article\" \/>\n<meta property=\"og:title\" content=\"P\u0142\u00f3tno Canvas | Ab Vision\" \/>\n<meta property=\"og:description\" content=\"Obraz na p\u0142\u00f3tnie wykonany technik\u0105 sublimacji. Mo\u017cliwo\u015b\u0107 przeniesienia na p\u0142\u00f3tno praktycznie ka\u017cdego zdj\u0119cia lub grafiki. Standardowe wymiary: 50&#215;70 cm \/ 100&#215;70 cm\/ 120&#215;80 cm\/ 150&#215;100 cm. Inne wymiary do uzgodnienia.\" \/>\n<meta property=\"og:url\" content=\"https:\/\/abvision.pl\/p\/plotno-canvas\/\" \/>\n<meta property=\"og:site_name\" content=\"Ab Vision\" \/>\n<meta property=\"article:publisher\" content=\"https:\/\/www.facebook.com\/agencja.abvision\/\" \/>\n<meta property=\"article:modified_time\" content=\"2020-11-13T14:10:12+00:00\" \/>\n<meta property=\"og:image\" content=\"https:\/\/abvision.pl\/wp-content\/uploads\/2020\/11\/obraz2.png\" \/>\n\t<meta property=\"og:image:width\" content=\"1114\" \/>\n\t<meta property=\"og:image:height\" content=\"1186\" \/>\n\t<meta property=\"og:image:type\" content=\"image\/png\" \/>\n<meta name=\"twitter:card\" content=\"summary_large_image\" \/>\n<script type=\"application\/ld+json\" class=\"yoast-schema-graph\">{\"@context\":\"https:\/\/schema.org\",\"@graph\":[{\"@type\":\"WebPage\",\"@id\":\"https:\/\/abvision.pl\/p\/plotno-canvas\/\",\"url\":\"https:\/\/abvision.pl\/p\/plotno-canvas\/\",\"name\":\"P\u0142\u00f3tno Canvas | Ab Vision\",\"isPartOf\":{\"@id\":\"https:\/\/abvision.pl\/#website\"},\"datePublished\":\"2020-11-13T14:08:20+00:00\",\"dateModified\":\"2020-11-13T14:10:12+00:00\",\"breadcrumb\":{\"@id\":\"https:\/\/abvision.pl\/p\/plotno-canvas\/#breadcrumb\"},\"inLanguage\":\"en-US\",\"potentialAction\":[{\"@type\":\"ReadAction\",\"target\":[\"https:\/\/abvision.pl\/p\/plotno-canvas\/\"]}]},{\"@type\":\"BreadcrumbList\",\"@id\":\"https:\/\/abvision.pl\/p\/plotno-canvas\/#breadcrumb\",\"itemListElement\":[{\"@type\":\"ListItem\",\"position\":1,\"name\":\"Strona g\u0142\u00f3wna\",\"item\":\"https:\/\/abvision.pl\/en\/home-page-4\/\"},{\"@type\":\"ListItem\",\"position\":2,\"name\":\"Shop\",\"item\":\"https:\/\/abvision.pl\/en\/shop\/\"},{\"@type\":\"ListItem\",\"position\":3,\"name\":\"P\u0142\u00f3tno Canvas\"}]},{\"@type\":\"WebSite\",\"@id\":\"https:\/\/abvision.pl\/#website\",\"url\":\"https:\/\/abvision.pl\/\",\"name\":\"Ab Vision\",\"description\":\"\",\"potentialAction\":[{\"@type\":\"SearchAction\",\"target\":{\"@type\":\"EntryPoint\",\"urlTemplate\":\"https:\/\/abvision.pl\/?s={search_term_string}\"},\"query-input\":\"required name=search_term_string\"}],\"inLanguage\":\"en-US\"}]}<\/script>\n<!-- \/ Yoast SEO plugin. -->","yoast_head_json":{"title":"P\u0142\u00f3tno Canvas | Ab Vision","robots":{"index":"index","follow":"follow","max-snippet":"max-snippet:-1","max-image-preview":"max-image-preview:large","max-video-preview":"max-video-preview:-1"},"canonical":"https:\/\/abvision.pl\/p\/plotno-canvas\/","og_locale":"en_US","og_type":"article","og_title":"P\u0142\u00f3tno Canvas | Ab Vision","og_description":"Obraz na p\u0142\u00f3tnie wykonany technik\u0105 sublimacji. Mo\u017cliwo\u015b\u0107 przeniesienia na p\u0142\u00f3tno praktycznie ka\u017cdego zdj\u0119cia lub grafiki. Standardowe wymiary: 50&#215;70 cm \/ 100&#215;70 cm\/ 120&#215;80 cm\/ 150&#215;100 cm. Inne wymiary do uzgodnienia.","og_url":"https:\/\/abvision.pl\/p\/plotno-canvas\/","og_site_name":"Ab Vision","article_publisher":"https:\/\/www.facebook.com\/agencja.abvision\/","article_modified_time":"2020-11-13T14:10:12+00:00","og_image":[{"width":1114,"height":1186,"url":"https:\/\/abvision.pl\/wp-content\/uploads\/2020\/11\/obraz2.png","type":"image\/png"}],"twitter_card":"summary_large_image","schema":{"@context":"https:\/\/schema.org","@graph":[{"@type":"WebPage","@id":"https:\/\/abvision.pl\/p\/plotno-canvas\/","url":"https:\/\/abvision.pl\/p\/plotno-canvas\/","name":"P\u0142\u00f3tno Canvas | Ab Vision","isPartOf":{"@id":"https:\/\/abvision.pl\/#website"},"datePublished":"2020-11-13T14:08:20+00:00","dateModified":"2020-11-13T14:10:12+00:00","breadcrumb":{"@id":"https:\/\/abvision.pl\/p\/plotno-canvas\/#breadcrumb"},"inLanguage":"en-US","potentialAction":[{"@type":"ReadAction","target":["https:\/\/abvision.pl\/p\/plotno-canvas\/"]}]},{"@type":"BreadcrumbList","@id":"https:\/\/abvision.pl\/p\/plotno-canvas\/#breadcrumb","itemListElement":[{"@type":"ListItem","position":1,"name":"Strona g\u0142\u00f3wna","item":"https:\/\/abvision.pl\/en\/home-page-4\/"},{"@type":"ListItem","position":2,"name":"Shop","item":"https:\/\/abvision.pl\/en\/shop\/"},{"@type":"ListItem","position":3,"name":"P\u0142\u00f3tno Canvas"}]},{"@type":"WebSite","@id":"https:\/\/abvision.pl\/#website","url":"https:\/\/abvision.pl\/","name":"Ab Vision","description":"","potentialAction":[{"@type":"SearchAction","target":{"@type":"EntryPoint","urlTemplate":"https:\/\/abvision.pl\/?s={search_term_string}"},"query-input":"required name=search_term_string"}],"inLanguage":"en-US"}]}},"_links":{"self":[{"href":"https:\/\/abvision.pl\/en\/wp-json\/wp\/v2\/product\/4162"}],"collection":[{"href":"https:\/\/abvision.pl\/en\/wp-json\/wp\/v2\/product"}],"about":[{"href":"https:\/\/abvision.pl\/en\/wp-json\/wp\/v2\/types\/product"}],"wp:featuredmedia":[{"embeddable":true,"href":"https:\/\/abvision.pl\/en\/wp-json\/wp\/v2\/media\/4163"}],"wp:attachment":[{"href":"https:\/\/abvision.pl\/en\/wp-json\/wp\/v2\/media?parent=4162"}],"wp:term":[{"taxonomy":"product_cat","embeddable":true,"href":"https:\/\/abvision.pl\/en\/wp-json\/wp\/v2\/product_cat?post=4162"},{"taxonomy":"product_tag","embeddable":true,"href":"https:\/\/abvision.pl\/en\/wp-json\/wp\/v2\/product_tag?post=4162"}],"curies":[{"name":"wp","href":"https:\/\/api.w.org\/{rel}","templated":true}]}}