{"id":3706,"date":"2020-10-22T10:57:04","date_gmt":"2020-10-22T08:57:04","guid":{"rendered":"https:\/\/abvision.pl\/parasole\/"},"modified":"2022-09-16T09:34:00","modified_gmt":"2022-09-16T07:34:00","slug":"parasole","status":"publish","type":"page","link":"https:\/\/abvision.pl\/en\/parasole\/","title":{"rendered":"Parasole reklamowe &#8211; Warszawa"},"content":{"rendered":"<p>[vc_row][vc_column width=&#8221;1\/6&#8243;][\/vc_column][vc_column width=&#8221;4\/6&#8243;][vc_column_text]<\/p>\n<p style=\"font-size: 16px;\">Zach\u0119camy Pa\u0144stwa do zapoznania si\u0119 r\u00f3wnie\u017c z naszymi Parasolami. Dost\u0119pne w rozmiarach od 1,8m do 5m, zar\u00f3wno okr\u0105g\u0142e jak i kwadratowe. Do wyboru opcja z klasyczn\u0105 nog\u0105 po \u015brodku jak i po boku.&nbsp;<br \/>\nStela\u017c wykonany z wysokiej jako\u015bci aluminium. \u015arednice rur, w zale\u017cno\u015bci od modelu, mieszcz\u0105 si\u0119 w przedzia\u0142ach od 40 mm do 70 mm.<\/p>\n<p style=\"font-size: 16px;\">Materia\u0142 z kt\u00f3rego wykonywana jest czasza parasola to poliester 210g\/m2. dost\u0119pny w szerokiej gamie kolor\u00f3w.<\/p>\n<p style=\"font-size: 16px;\">Istnieje r\u00f3wnie\u017c mo\u017cliwo\u015b\u0107 zadruku takiej czaszy &#8211; w takim przypadku prosimy o kontakt z naszym konsultantem.<\/p>\n<p>[\/vc_column_text][\/vc_column][vc_column width=&#8221;1\/6&#8243;][\/vc_column][\/vc_row][vc_row][vc_column width=&#8221;1\/4&#8243;][sober_banner image_size=&#8221;390&#215;270&#8243; text_position=&#8221;center&#8221; use_theme_fonts=&#8221;yes&#8221; css_animation=&#8221;none&#8221; image=&#8221;3713&#8243; link=&#8221;url:https%3A%2F%2Fabvision.pl%2Fc%2Fparasole%2Fparasole-kwadratowe%2F&#8221; button_text=&#8221;Parasole Kwadratowe&#8221;][\/sober_banner][vc_empty_space][\/vc_column][vc_column width=&#8221;1\/4&#8243;][sober_banner image_size=&#8221;390&#215;270&#8243; text_position=&#8221;center&#8221; use_theme_fonts=&#8221;yes&#8221; image=&#8221;3716&#8243; link=&#8221;url:https%3A%2F%2Fabvision.pl%2Fc%2Fparasole%2Fparasole-okragle%2F&#8221; button_text=&#8221;Parasole Okr\u0105g\u0142e&#8221;][\/sober_banner][\/vc_column][vc_column width=&#8221;1\/4&#8243;][sober_banner image_size=&#8221;390&#215;270&#8243; text_position=&#8221;center&#8221; use_theme_fonts=&#8221;yes&#8221; image=&#8221;3719&#8243; link=&#8221;url:https%3A%2F%2Fabvision.pl%2Fc%2Fparasole%2Fparasole-z-boczna-noga%2F&#8221; button_text=&#8221;Parasole z boczn\u0105 nog\u0105&#8221;][\/sober_banner][\/vc_column][vc_column width=&#8221;1\/4&#8243;][sober_banner image_size=&#8221;390&#215;270&#8243; text_position=&#8221;center&#8221; use_theme_fonts=&#8221;yes&#8221; image=&#8221;3762&#8243; link=&#8221;url:https%3A%2F%2Fabvision.pl%2Fc%2Fparasole%2Fparasole-plazowe%2F&#8221; button_text=&#8221;Parasole pla\u017cowe&#8221;][\/sober_banner][\/vc_column][\/vc_row][vc_row][vc_column width=&#8221;1\/6&#8243;][\/vc_column][vc_column width=&#8221;4\/6&#8243;][vc_column_text]<\/p>\n<p style=\"font-size: 16px;\">Poza sprzeda\u017c\u0105 oferujemy Pa\u0144stwu serwis parasoli kt\u00f3ry obejmuje m. in. :<\/p>\n<ul>\n<li style=\"font-size: 16px;\">napraw\u0119 poszycia,<\/li>\n<li style=\"font-size: 16px;\">wymian\u0119 poszycia,<\/li>\n<li style=\"font-size: 16px;\">napraw\u0119 konstrukcji.<\/li>\n<\/ul>\n<p style=\"font-size: 16px;\">Je\u015bli potrzebujecie Pa\u0144stwo naszej pomocy w tym zakresie prosimy o kontakt z naszym konsultantem.<\/p>\n<p style=\"text-align: justify;\">Parasole reklamowe s\u0105 doskona\u0142ym pomys\u0142em zar\u00f3wno na promocj\u0119 swojego przedsi\u0119biorstwa, jak i zapewnienie wi\u0119kszego komfortu swoim klientom. Sprawdzaj\u0105 si\u0119 szczeg\u00f3lnie w okresie letnim, kiedy wiele os\u00f3b przebywa na zewn\u0105trz. S\u0105 dobrym rozwi\u0105zaniem w przypadku targ\u00f3w bran\u017cowych, festiwali muzycznych i nie tylko.<\/p>\n<h2 style=\"text-align: justify;\">Parasole reklamowe Warszawa<\/h2>\n<p style=\"text-align: justify;\">Oferowane parasole reklamowe w Warszawie s\u0105 tak\u017ce sposobem na lepsz\u0105 wsp\u00f3\u0142prac\u0119 z kontrahentami. Na przyk\u0142ad posiadaj\u0105c mark\u0119 dotycz\u0105c\u0105 artyku\u0142\u00f3w spo\u017cywczych lub napoj\u00f3w, ciekawym rozwi\u0105zaniem jest wr\u0119czenie parasoli restauracjom, kt\u00f3re posiadaj\u0105 je w swojej ofercie. Dzi\u0119ki temu klienci lokalu b\u0119d\u0105 bardziej \u015bwiadomi istnienia przedsi\u0119biorstwa, a w\u0142a\u015bciciele b\u0119d\u0105 mogli zapewni\u0107 im wi\u0119kszy komfort podczas sp\u0119dzania czasu w ogr\u00f3dku przy obiekcie. Natomiast w przypadku targ\u00f3w parasol nawi\u0105zuj\u0105cy do w\u0142asnej marki szybko przyci\u0105gnie uwag\u0119 na tle innych stanowisk.<\/p>\n<p style=\"text-align: justify;\">R\u00f3\u017cnorodno\u015b\u0107 parasoli reklamowych w naszej ofercie pozwala idealnie dopasowa\u0107 wybierany model do miejsca docelowego.<\/p>\n<h2 style=\"text-align: justify;\">Profesjonalne parasole reklamowe &#8211; Warszawa<\/h2>\n<p style=\"text-align: justify;\">Nasze r\u0119cznie robione parasole reklamowe (Warszawa) s\u0105 skierowane przede wszystkim do klient\u00f3w z Warszawy, jednak obs\u0142ugujemy tak\u017ce osoby z ca\u0142ej Polski, jak i zagranicy. W razie zainteresowania lub pyta\u0144 prosimy o kontakt. Staramy si\u0119 by\u0107 elastyczni, dlatego oferujemy wiele mo\u017cliwo\u015bci pod wzgl\u0119dem projektowym. Dzi\u0119ki temu mo\u017cna mie\u0107 pewno\u015b\u0107 otrzymania produkt\u00f3w odpowiednio dopasowanych do w\u0142asnych potrzeb. Je\u015bli interesuj\u0105 Pa\u0144stwa parasole reklamowe (Warszawa), zapraszamy do kontaktu. Postaw na polsk\u0105 firm\u0119 z 14-letnim do\u015bwiadczeniem i przekonaj si\u0119 o jako\u015bci naszych us\u0142ug!<\/p>\n<p style=\"font-size: 16px; text-align: justify;\">&nbsp;<\/p>\n<p>[\/vc_column_text][vc_empty_space]<div class=\"sober-button-wrapper text-center\"><a href=\"https:\/\/abvision.pl\/kontakt\/\" title=\"Kontakt\" class=\"sober-button button-type-normal button-color-dark align-center   button large button-large\">Skontaktuj si\u0119 z naszym konsultantem<\/a><\/div>[\/vc_column][vc_column width=&#8221;1\/6&#8243;][\/vc_column][\/vc_row]<\/p>\n","protected":false},"excerpt":{"rendered":"<p>[vc_row][vc_column width=&#8221;1\/6&#8243;][\/vc_column][vc_column width=&#8221;4\/6&#8243;][vc_column_text] Zach\u0119camy Pa\u0144stwa do zapoznania si\u0119 r\u00f3wnie\u017c z naszymi Parasolami. Dost\u0119pne w rozmiarach od 1,8m do 5m, zar\u00f3wno okr\u0105g\u0142e jak i kwadratowe. Do wyboru opcja z klasyczn\u0105 nog\u0105&hellip;<\/p>\n","protected":false},"author":2,"featured_media":0,"parent":0,"menu_order":0,"comment_status":"closed","ping_status":"closed","template":"","meta":{"ngg_post_thumbnail":0},"yoast_head":"<!-- This site is optimized with the Yoast SEO plugin v19.6.1 - https:\/\/yoast.com\/wordpress\/plugins\/seo\/ -->\n<title>Parasole reklamowe Warszawa - parasole z logo, z nadrukiem | Ab Vision<\/title>\n<meta name=\"robots\" content=\"index, follow, max-snippet:-1, max-image-preview:large, max-video-preview:-1\" \/>\n<link rel=\"canonical\" href=\"https:\/\/abvision.pl\/en\/parasole\/\" \/>\n<meta property=\"og:locale\" content=\"en_US\" \/>\n<meta property=\"og:type\" content=\"article\" \/>\n<meta property=\"og:title\" content=\"Parasole reklamowe Warszawa - parasole z logo, z nadrukiem | Ab Vision\" \/>\n<meta property=\"og:description\" content=\"[vc_row][vc_column width=&#8221;1\/6&#8243;][\/vc_column][vc_column width=&#8221;4\/6&#8243;][vc_column_text] Zach\u0119camy Pa\u0144stwa do zapoznania si\u0119 r\u00f3wnie\u017c z naszymi Parasolami. Dost\u0119pne w rozmiarach od 1,8m do 5m, zar\u00f3wno okr\u0105g\u0142e jak i kwadratowe. Do wyboru opcja z klasyczn\u0105 nog\u0105&hellip;\" \/>\n<meta property=\"og:url\" content=\"https:\/\/abvision.pl\/en\/parasole\/\" \/>\n<meta property=\"og:site_name\" content=\"Ab Vision\" \/>\n<meta property=\"article:publisher\" content=\"https:\/\/www.facebook.com\/agencja.abvision\/\" \/>\n<meta property=\"article:modified_time\" content=\"2022-09-16T07:34:00+00:00\" \/>\n<meta property=\"og:image\" content=\"https:\/\/abvision.pl\/wp-content\/uploads\/2020\/10\/baner-reklamowy.jpg\" \/>\n\t<meta property=\"og:image:width\" content=\"1382\" \/>\n\t<meta property=\"og:image:height\" content=\"922\" \/>\n\t<meta property=\"og:image:type\" content=\"image\/jpeg\" \/>\n<meta name=\"twitter:card\" content=\"summary_large_image\" \/>\n<meta name=\"twitter:label1\" content=\"Est. reading time\" \/>\n\t<meta name=\"twitter:data1\" content=\"3 minutes\" \/>\n<script type=\"application\/ld+json\" class=\"yoast-schema-graph\">{\"@context\":\"https:\/\/schema.org\",\"@graph\":[{\"@type\":\"WebPage\",\"@id\":\"https:\/\/abvision.pl\/en\/parasole\/\",\"url\":\"https:\/\/abvision.pl\/en\/parasole\/\",\"name\":\"Parasole reklamowe Warszawa - parasole z logo, z nadrukiem | Ab Vision\",\"isPartOf\":{\"@id\":\"https:\/\/abvision.pl\/#website\"},\"datePublished\":\"2020-10-22T08:57:04+00:00\",\"dateModified\":\"2022-09-16T07:34:00+00:00\",\"breadcrumb\":{\"@id\":\"https:\/\/abvision.pl\/en\/parasole\/#breadcrumb\"},\"inLanguage\":\"en-US\",\"potentialAction\":[{\"@type\":\"ReadAction\",\"target\":[\"https:\/\/abvision.pl\/en\/parasole\/\"]}]},{\"@type\":\"BreadcrumbList\",\"@id\":\"https:\/\/abvision.pl\/en\/parasole\/#breadcrumb\",\"itemListElement\":[{\"@type\":\"ListItem\",\"position\":1,\"name\":\"Strona g\u0142\u00f3wna\",\"item\":\"https:\/\/abvision.pl\/en\/home-page-4\/\"},{\"@type\":\"ListItem\",\"position\":2,\"name\":\"Parasole reklamowe &#8211; Warszawa\"}]},{\"@type\":\"WebSite\",\"@id\":\"https:\/\/abvision.pl\/#website\",\"url\":\"https:\/\/abvision.pl\/\",\"name\":\"Ab Vision\",\"description\":\"\",\"potentialAction\":[{\"@type\":\"SearchAction\",\"target\":{\"@type\":\"EntryPoint\",\"urlTemplate\":\"https:\/\/abvision.pl\/?s={search_term_string}\"},\"query-input\":\"required name=search_term_string\"}],\"inLanguage\":\"en-US\"}]}<\/script>\n<!-- \/ Yoast SEO plugin. -->","yoast_head_json":{"title":"Parasole reklamowe Warszawa - parasole z logo, z nadrukiem | Ab Vision","robots":{"index":"index","follow":"follow","max-snippet":"max-snippet:-1","max-image-preview":"max-image-preview:large","max-video-preview":"max-video-preview:-1"},"canonical":"https:\/\/abvision.pl\/en\/parasole\/","og_locale":"en_US","og_type":"article","og_title":"Parasole reklamowe Warszawa - parasole z logo, z nadrukiem | Ab Vision","og_description":"[vc_row][vc_column width=&#8221;1\/6&#8243;][\/vc_column][vc_column width=&#8221;4\/6&#8243;][vc_column_text] Zach\u0119camy Pa\u0144stwa do zapoznania si\u0119 r\u00f3wnie\u017c z naszymi Parasolami. Dost\u0119pne w rozmiarach od 1,8m do 5m, zar\u00f3wno okr\u0105g\u0142e jak i kwadratowe. Do wyboru opcja z klasyczn\u0105 nog\u0105&hellip;","og_url":"https:\/\/abvision.pl\/en\/parasole\/","og_site_name":"Ab Vision","article_publisher":"https:\/\/www.facebook.com\/agencja.abvision\/","article_modified_time":"2022-09-16T07:34:00+00:00","og_image":[{"width":1382,"height":922,"url":"https:\/\/abvision.pl\/wp-content\/uploads\/2020\/10\/baner-reklamowy.jpg","type":"image\/jpeg"}],"twitter_card":"summary_large_image","twitter_misc":{"Est. reading time":"3 minutes"},"schema":{"@context":"https:\/\/schema.org","@graph":[{"@type":"WebPage","@id":"https:\/\/abvision.pl\/en\/parasole\/","url":"https:\/\/abvision.pl\/en\/parasole\/","name":"Parasole reklamowe Warszawa - parasole z logo, z nadrukiem | Ab Vision","isPartOf":{"@id":"https:\/\/abvision.pl\/#website"},"datePublished":"2020-10-22T08:57:04+00:00","dateModified":"2022-09-16T07:34:00+00:00","breadcrumb":{"@id":"https:\/\/abvision.pl\/en\/parasole\/#breadcrumb"},"inLanguage":"en-US","potentialAction":[{"@type":"ReadAction","target":["https:\/\/abvision.pl\/en\/parasole\/"]}]},{"@type":"BreadcrumbList","@id":"https:\/\/abvision.pl\/en\/parasole\/#breadcrumb","itemListElement":[{"@type":"ListItem","position":1,"name":"Strona g\u0142\u00f3wna","item":"https:\/\/abvision.pl\/en\/home-page-4\/"},{"@type":"ListItem","position":2,"name":"Parasole reklamowe &#8211; Warszawa"}]},{"@type":"WebSite","@id":"https:\/\/abvision.pl\/#website","url":"https:\/\/abvision.pl\/","name":"Ab Vision","description":"","potentialAction":[{"@type":"SearchAction","target":{"@type":"EntryPoint","urlTemplate":"https:\/\/abvision.pl\/?s={search_term_string}"},"query-input":"required name=search_term_string"}],"inLanguage":"en-US"}]}},"_links":{"self":[{"href":"https:\/\/abvision.pl\/en\/wp-json\/wp\/v2\/pages\/3706"}],"collection":[{"href":"https:\/\/abvision.pl\/en\/wp-json\/wp\/v2\/pages"}],"about":[{"href":"https:\/\/abvision.pl\/en\/wp-json\/wp\/v2\/types\/page"}],"author":[{"embeddable":true,"href":"https:\/\/abvision.pl\/en\/wp-json\/wp\/v2\/users\/2"}],"replies":[{"embeddable":true,"href":"https:\/\/abvision.pl\/en\/wp-json\/wp\/v2\/comments?post=3706"}],"version-history":[{"count":17,"href":"https:\/\/abvision.pl\/en\/wp-json\/wp\/v2\/pages\/3706\/revisions"}],"predecessor-version":[{"id":4362,"href":"https:\/\/abvision.pl\/en\/wp-json\/wp\/v2\/pages\/3706\/revisions\/4362"}],"wp:attachment":[{"href":"https:\/\/abvision.pl\/en\/wp-json\/wp\/v2\/media?parent=3706"}],"curies":[{"name":"wp","href":"https:\/\/api.w.org\/{rel}","templated":true}]}}