{"id":4268,"date":"2021-03-15T13:23:28","date_gmt":"2021-03-15T12:23:28","guid":{"rendered":"https:\/\/abvision.pl\/?post_type=product&#038;p=4268"},"modified":"2021-03-15T13:23:29","modified_gmt":"2021-03-15T12:23:29","slug":"ab-trybunka-led-big","status":"publish","type":"product","link":"https:\/\/abvision.pl\/de\/p\/ab-trybunka-led-big\/","title":{"rendered":"AB trybunka LED BIG"},"content":{"rendered":"<p style=\"text-align: center;\">&#8211; ultra lekka, samo rozk\u0142adaj\u0105ca konstrukcja<br \/>\n&#8211; pod\u015bwietlana trybunka \u015bwiat\u0142em led<br \/>\n&#8211; wydruk na tkaninie poliestrowej,<br \/>\n&#8211; blat z tworzywa sztucznego,<br \/>\n&#8211; ca\u0142o\u015b\u0107 sk\u0142adana do niewielkiej torby transportowej,<br \/>\n&#8211; system wielokrotnego u\u017cytku, mo\u017cliwo\u015b\u0107 wielu wydruk\u00f3w do jednej konstrukcji<br \/>\n&#8211; gwarancja: 2 lata na konstrukcj\u0119, 12 miesi\u0119cy na wydruk<\/p>\n<p><b><i><u>Wymiary<\/u><\/i><\/b><b><i><u>:<\/u><\/i><\/b><br \/>\nwys. 100cm<br \/>\nszer. 80cm<br \/>\ng\u0142\u0119b. 50cm<br \/>\nwaga: 7kg<\/p>\n","protected":false},"excerpt":{"rendered":"<p>&#8211; ultra lekka, samo rozk\u0142adaj\u0105ca konstrukcja &#8211; pod\u015bwietlana trybunka \u015bwiat\u0142em led &#8211; wydruk na tkaninie poliestrowej, &#8211; blat z tworzywa sztucznego, &#8211; ca\u0142o\u015b\u0107 sk\u0142adana do niewielkiej torby transportowej, &#8211; system&hellip;<\/p>\n","protected":false},"featured_media":4269,"template":"","meta":{"ngg_post_thumbnail":0},"product_cat":[215],"product_tag":[],"yoast_head":"<!-- This site is optimized with the Yoast SEO plugin v19.6.1 - https:\/\/yoast.com\/wordpress\/plugins\/seo\/ -->\n<title>AB trybunka LED BIG | Ab Vision<\/title>\n<meta name=\"robots\" content=\"index, follow, max-snippet:-1, max-image-preview:large, max-video-preview:-1\" \/>\n<link rel=\"canonical\" href=\"https:\/\/abvision.pl\/p\/ab-trybunka-led-big\/\" \/>\n<meta property=\"og:locale\" content=\"de_DE\" \/>\n<meta property=\"og:type\" content=\"article\" \/>\n<meta property=\"og:title\" content=\"AB trybunka LED BIG | Ab Vision\" \/>\n<meta property=\"og:description\" content=\"&#8211; ultra lekka, samo rozk\u0142adaj\u0105ca konstrukcja &#8211; pod\u015bwietlana trybunka \u015bwiat\u0142em led &#8211; wydruk na tkaninie poliestrowej, &#8211; blat z tworzywa sztucznego, &#8211; ca\u0142o\u015b\u0107 sk\u0142adana do niewielkiej torby transportowej, &#8211; system&hellip;\" \/>\n<meta property=\"og:url\" content=\"https:\/\/abvision.pl\/p\/ab-trybunka-led-big\/\" \/>\n<meta property=\"og:site_name\" content=\"Ab Vision\" \/>\n<meta property=\"article:publisher\" content=\"https:\/\/www.facebook.com\/agencja.abvision\/\" \/>\n<meta property=\"article:modified_time\" content=\"2021-03-15T12:23:29+00:00\" \/>\n<meta property=\"og:image\" content=\"https:\/\/abvision.pl\/wp-content\/uploads\/2021\/03\/wiz-big-quick-led.jpg\" \/>\n\t<meta property=\"og:image:width\" content=\"2560\" \/>\n\t<meta property=\"og:image:height\" content=\"1440\" \/>\n\t<meta property=\"og:image:type\" content=\"image\/jpeg\" \/>\n<meta name=\"twitter:card\" content=\"summary_large_image\" \/>\n<meta name=\"twitter:label1\" content=\"Gesch\u00e4tzte Lesezeit\" \/>\n\t<meta name=\"twitter:data1\" content=\"1\u00a0Minute\" \/>\n<script type=\"application\/ld+json\" class=\"yoast-schema-graph\">{\"@context\":\"https:\/\/schema.org\",\"@graph\":[{\"@type\":\"WebPage\",\"@id\":\"https:\/\/abvision.pl\/p\/ab-trybunka-led-big\/\",\"url\":\"https:\/\/abvision.pl\/p\/ab-trybunka-led-big\/\",\"name\":\"AB trybunka LED BIG | Ab Vision\",\"isPartOf\":{\"@id\":\"https:\/\/abvision.pl\/#website\"},\"datePublished\":\"2021-03-15T12:23:28+00:00\",\"dateModified\":\"2021-03-15T12:23:29+00:00\",\"breadcrumb\":{\"@id\":\"https:\/\/abvision.pl\/p\/ab-trybunka-led-big\/#breadcrumb\"},\"inLanguage\":\"de\",\"potentialAction\":[{\"@type\":\"ReadAction\",\"target\":[\"https:\/\/abvision.pl\/p\/ab-trybunka-led-big\/\"]}]},{\"@type\":\"BreadcrumbList\",\"@id\":\"https:\/\/abvision.pl\/p\/ab-trybunka-led-big\/#breadcrumb\",\"itemListElement\":[{\"@type\":\"ListItem\",\"position\":1,\"name\":\"Strona g\u0142\u00f3wna\",\"item\":\"https:\/\/abvision.pl\/de\/home-page-4\/\"},{\"@type\":\"ListItem\",\"position\":2,\"name\":\"Gesch\u00e4ft\",\"item\":\"https:\/\/abvision.pl\/de\/geschaft\/\"},{\"@type\":\"ListItem\",\"position\":3,\"name\":\"AB trybunka LED BIG\"}]},{\"@type\":\"WebSite\",\"@id\":\"https:\/\/abvision.pl\/#website\",\"url\":\"https:\/\/abvision.pl\/\",\"name\":\"Ab Vision\",\"description\":\"\",\"potentialAction\":[{\"@type\":\"SearchAction\",\"target\":{\"@type\":\"EntryPoint\",\"urlTemplate\":\"https:\/\/abvision.pl\/?s={search_term_string}\"},\"query-input\":\"required name=search_term_string\"}],\"inLanguage\":\"de\"}]}<\/script>\n<!-- \/ Yoast SEO plugin. -->","yoast_head_json":{"title":"AB trybunka LED BIG | Ab Vision","robots":{"index":"index","follow":"follow","max-snippet":"max-snippet:-1","max-image-preview":"max-image-preview:large","max-video-preview":"max-video-preview:-1"},"canonical":"https:\/\/abvision.pl\/p\/ab-trybunka-led-big\/","og_locale":"de_DE","og_type":"article","og_title":"AB trybunka LED BIG | Ab Vision","og_description":"&#8211; ultra lekka, samo rozk\u0142adaj\u0105ca konstrukcja &#8211; pod\u015bwietlana trybunka \u015bwiat\u0142em led &#8211; wydruk na tkaninie poliestrowej, &#8211; blat z tworzywa sztucznego, &#8211; ca\u0142o\u015b\u0107 sk\u0142adana do niewielkiej torby transportowej, &#8211; system&hellip;","og_url":"https:\/\/abvision.pl\/p\/ab-trybunka-led-big\/","og_site_name":"Ab Vision","article_publisher":"https:\/\/www.facebook.com\/agencja.abvision\/","article_modified_time":"2021-03-15T12:23:29+00:00","og_image":[{"width":2560,"height":1440,"url":"https:\/\/abvision.pl\/wp-content\/uploads\/2021\/03\/wiz-big-quick-led.jpg","type":"image\/jpeg"}],"twitter_card":"summary_large_image","twitter_misc":{"Gesch\u00e4tzte Lesezeit":"1\u00a0Minute"},"schema":{"@context":"https:\/\/schema.org","@graph":[{"@type":"WebPage","@id":"https:\/\/abvision.pl\/p\/ab-trybunka-led-big\/","url":"https:\/\/abvision.pl\/p\/ab-trybunka-led-big\/","name":"AB trybunka LED BIG | Ab Vision","isPartOf":{"@id":"https:\/\/abvision.pl\/#website"},"datePublished":"2021-03-15T12:23:28+00:00","dateModified":"2021-03-15T12:23:29+00:00","breadcrumb":{"@id":"https:\/\/abvision.pl\/p\/ab-trybunka-led-big\/#breadcrumb"},"inLanguage":"de","potentialAction":[{"@type":"ReadAction","target":["https:\/\/abvision.pl\/p\/ab-trybunka-led-big\/"]}]},{"@type":"BreadcrumbList","@id":"https:\/\/abvision.pl\/p\/ab-trybunka-led-big\/#breadcrumb","itemListElement":[{"@type":"ListItem","position":1,"name":"Strona g\u0142\u00f3wna","item":"https:\/\/abvision.pl\/de\/home-page-4\/"},{"@type":"ListItem","position":2,"name":"Gesch\u00e4ft","item":"https:\/\/abvision.pl\/de\/geschaft\/"},{"@type":"ListItem","position":3,"name":"AB trybunka LED BIG"}]},{"@type":"WebSite","@id":"https:\/\/abvision.pl\/#website","url":"https:\/\/abvision.pl\/","name":"Ab Vision","description":"","potentialAction":[{"@type":"SearchAction","target":{"@type":"EntryPoint","urlTemplate":"https:\/\/abvision.pl\/?s={search_term_string}"},"query-input":"required name=search_term_string"}],"inLanguage":"de"}]}},"_links":{"self":[{"href":"https:\/\/abvision.pl\/de\/wp-json\/wp\/v2\/product\/4268"}],"collection":[{"href":"https:\/\/abvision.pl\/de\/wp-json\/wp\/v2\/product"}],"about":[{"href":"https:\/\/abvision.pl\/de\/wp-json\/wp\/v2\/types\/product"}],"wp:featuredmedia":[{"embeddable":true,"href":"https:\/\/abvision.pl\/de\/wp-json\/wp\/v2\/media\/4269"}],"wp:attachment":[{"href":"https:\/\/abvision.pl\/de\/wp-json\/wp\/v2\/media?parent=4268"}],"wp:term":[{"taxonomy":"product_cat","embeddable":true,"href":"https:\/\/abvision.pl\/de\/wp-json\/wp\/v2\/product_cat?post=4268"},{"taxonomy":"product_tag","embeddable":true,"href":"https:\/\/abvision.pl\/de\/wp-json\/wp\/v2\/product_tag?post=4268"}],"curies":[{"name":"wp","href":"https:\/\/api.w.org\/{rel}","templated":true}]}}