{"id":4105,"date":"2020-11-09T14:53:03","date_gmt":"2020-11-09T13:53:03","guid":{"rendered":"https:\/\/abvision.pl\/?post_type=product&#038;p=4105"},"modified":"2020-11-13T13:20:49","modified_gmt":"2020-11-13T12:20:49","slug":"koszulki-reklamowe","status":"publish","type":"product","link":"https:\/\/abvision.pl\/de\/p\/koszulki-reklamowe\/","title":{"rendered":"Koszulki reklamowe"},"content":{"rendered":"<p>Funkcjonalny, poliestrowy T-shirt wykonany w technologii Dry Fit z okr\u0105g\u0142ym dekoltem, wybarwiany w przyjazny \u015brodowisku spos\u00f3b (zu\u017cywaj\u0105cy mniej wody i chemikali\u00f3w ni\u017c tradycyjne barwienie).<\/p>\n<p>Technologia Dry Fit zapewnia wysoki komfort u\u017cytkowania, poniewa\u017c usuwa wilgo\u0107 z miejsca mi\u0119dzy sk\u00f3r\u0105 a materia\u0142em zapobiegaj\u0105c przyklejeniu si\u0119 materia\u0142u do cia\u0142a.<\/p>\n<p>Znakowanie: sublimacji<\/p>\n","protected":false},"excerpt":{"rendered":"<p>Funkcjonalny, poliestrowy T-shirt wykonany w technologii Dry Fit z okr\u0105g\u0142ym dekoltem, wybarwiany w przyjazny \u015brodowisku spos\u00f3b (zu\u017cywaj\u0105cy mniej wody i chemikali\u00f3w ni\u017c tradycyjne barwienie). Technologia Dry Fit zapewnia wysoki komfort&hellip;<\/p>\n","protected":false},"featured_media":4159,"template":"","meta":{"ngg_post_thumbnail":0},"product_cat":[75],"product_tag":[],"yoast_head":"<!-- This site is optimized with the Yoast SEO plugin v19.6.1 - https:\/\/yoast.com\/wordpress\/plugins\/seo\/ -->\n<title>Koszulki reklamowe | Ab Vision<\/title>\n<meta name=\"robots\" content=\"index, follow, max-snippet:-1, max-image-preview:large, max-video-preview:-1\" \/>\n<link rel=\"canonical\" href=\"https:\/\/abvision.pl\/p\/koszulki-reklamowe\/\" \/>\n<meta property=\"og:locale\" content=\"de_DE\" \/>\n<meta property=\"og:type\" content=\"article\" \/>\n<meta property=\"og:title\" content=\"Koszulki reklamowe | Ab Vision\" \/>\n<meta property=\"og:description\" content=\"Funkcjonalny, poliestrowy T-shirt wykonany w technologii Dry Fit z okr\u0105g\u0142ym dekoltem, wybarwiany w przyjazny \u015brodowisku spos\u00f3b (zu\u017cywaj\u0105cy mniej wody i chemikali\u00f3w ni\u017c tradycyjne barwienie). Technologia Dry Fit zapewnia wysoki komfort&hellip;\" \/>\n<meta property=\"og:url\" content=\"https:\/\/abvision.pl\/p\/koszulki-reklamowe\/\" \/>\n<meta property=\"og:site_name\" content=\"Ab Vision\" \/>\n<meta property=\"article:publisher\" content=\"https:\/\/www.facebook.com\/agencja.abvision\/\" \/>\n<meta property=\"article:modified_time\" content=\"2020-11-13T12:20:49+00:00\" \/>\n<meta property=\"og:image\" content=\"https:\/\/abvision.pl\/wp-content\/uploads\/2020\/11\/2264023-586-682579843_800x800-1.jpg\" \/>\n\t<meta property=\"og:image:width\" content=\"623\" \/>\n\t<meta property=\"og:image:height\" content=\"800\" \/>\n\t<meta property=\"og:image:type\" content=\"image\/jpeg\" \/>\n<meta name=\"twitter:card\" content=\"summary_large_image\" \/>\n<script type=\"application\/ld+json\" class=\"yoast-schema-graph\">{\"@context\":\"https:\/\/schema.org\",\"@graph\":[{\"@type\":\"WebPage\",\"@id\":\"https:\/\/abvision.pl\/p\/koszulki-reklamowe\/\",\"url\":\"https:\/\/abvision.pl\/p\/koszulki-reklamowe\/\",\"name\":\"Koszulki reklamowe | Ab Vision\",\"isPartOf\":{\"@id\":\"https:\/\/abvision.pl\/#website\"},\"datePublished\":\"2020-11-09T13:53:03+00:00\",\"dateModified\":\"2020-11-13T12:20:49+00:00\",\"breadcrumb\":{\"@id\":\"https:\/\/abvision.pl\/p\/koszulki-reklamowe\/#breadcrumb\"},\"inLanguage\":\"de\",\"potentialAction\":[{\"@type\":\"ReadAction\",\"target\":[\"https:\/\/abvision.pl\/p\/koszulki-reklamowe\/\"]}]},{\"@type\":\"BreadcrumbList\",\"@id\":\"https:\/\/abvision.pl\/p\/koszulki-reklamowe\/#breadcrumb\",\"itemListElement\":[{\"@type\":\"ListItem\",\"position\":1,\"name\":\"Strona g\u0142\u00f3wna\",\"item\":\"https:\/\/abvision.pl\/de\/home-page-4\/\"},{\"@type\":\"ListItem\",\"position\":2,\"name\":\"Gesch\u00e4ft\",\"item\":\"https:\/\/abvision.pl\/de\/geschaft\/\"},{\"@type\":\"ListItem\",\"position\":3,\"name\":\"Koszulki reklamowe\"}]},{\"@type\":\"WebSite\",\"@id\":\"https:\/\/abvision.pl\/#website\",\"url\":\"https:\/\/abvision.pl\/\",\"name\":\"Ab Vision\",\"description\":\"\",\"potentialAction\":[{\"@type\":\"SearchAction\",\"target\":{\"@type\":\"EntryPoint\",\"urlTemplate\":\"https:\/\/abvision.pl\/?s={search_term_string}\"},\"query-input\":\"required name=search_term_string\"}],\"inLanguage\":\"de\"}]}<\/script>\n<!-- \/ Yoast SEO plugin. -->","yoast_head_json":{"title":"Koszulki reklamowe | Ab Vision","robots":{"index":"index","follow":"follow","max-snippet":"max-snippet:-1","max-image-preview":"max-image-preview:large","max-video-preview":"max-video-preview:-1"},"canonical":"https:\/\/abvision.pl\/p\/koszulki-reklamowe\/","og_locale":"de_DE","og_type":"article","og_title":"Koszulki reklamowe | Ab Vision","og_description":"Funkcjonalny, poliestrowy T-shirt wykonany w technologii Dry Fit z okr\u0105g\u0142ym dekoltem, wybarwiany w przyjazny \u015brodowisku spos\u00f3b (zu\u017cywaj\u0105cy mniej wody i chemikali\u00f3w ni\u017c tradycyjne barwienie). Technologia Dry Fit zapewnia wysoki komfort&hellip;","og_url":"https:\/\/abvision.pl\/p\/koszulki-reklamowe\/","og_site_name":"Ab Vision","article_publisher":"https:\/\/www.facebook.com\/agencja.abvision\/","article_modified_time":"2020-11-13T12:20:49+00:00","og_image":[{"width":623,"height":800,"url":"https:\/\/abvision.pl\/wp-content\/uploads\/2020\/11\/2264023-586-682579843_800x800-1.jpg","type":"image\/jpeg"}],"twitter_card":"summary_large_image","schema":{"@context":"https:\/\/schema.org","@graph":[{"@type":"WebPage","@id":"https:\/\/abvision.pl\/p\/koszulki-reklamowe\/","url":"https:\/\/abvision.pl\/p\/koszulki-reklamowe\/","name":"Koszulki reklamowe | Ab Vision","isPartOf":{"@id":"https:\/\/abvision.pl\/#website"},"datePublished":"2020-11-09T13:53:03+00:00","dateModified":"2020-11-13T12:20:49+00:00","breadcrumb":{"@id":"https:\/\/abvision.pl\/p\/koszulki-reklamowe\/#breadcrumb"},"inLanguage":"de","potentialAction":[{"@type":"ReadAction","target":["https:\/\/abvision.pl\/p\/koszulki-reklamowe\/"]}]},{"@type":"BreadcrumbList","@id":"https:\/\/abvision.pl\/p\/koszulki-reklamowe\/#breadcrumb","itemListElement":[{"@type":"ListItem","position":1,"name":"Strona g\u0142\u00f3wna","item":"https:\/\/abvision.pl\/de\/home-page-4\/"},{"@type":"ListItem","position":2,"name":"Gesch\u00e4ft","item":"https:\/\/abvision.pl\/de\/geschaft\/"},{"@type":"ListItem","position":3,"name":"Koszulki reklamowe"}]},{"@type":"WebSite","@id":"https:\/\/abvision.pl\/#website","url":"https:\/\/abvision.pl\/","name":"Ab Vision","description":"","potentialAction":[{"@type":"SearchAction","target":{"@type":"EntryPoint","urlTemplate":"https:\/\/abvision.pl\/?s={search_term_string}"},"query-input":"required name=search_term_string"}],"inLanguage":"de"}]}},"_links":{"self":[{"href":"https:\/\/abvision.pl\/de\/wp-json\/wp\/v2\/product\/4105"}],"collection":[{"href":"https:\/\/abvision.pl\/de\/wp-json\/wp\/v2\/product"}],"about":[{"href":"https:\/\/abvision.pl\/de\/wp-json\/wp\/v2\/types\/product"}],"wp:featuredmedia":[{"embeddable":true,"href":"https:\/\/abvision.pl\/de\/wp-json\/wp\/v2\/media\/4159"}],"wp:attachment":[{"href":"https:\/\/abvision.pl\/de\/wp-json\/wp\/v2\/media?parent=4105"}],"wp:term":[{"taxonomy":"product_cat","embeddable":true,"href":"https:\/\/abvision.pl\/de\/wp-json\/wp\/v2\/product_cat?post=4105"},{"taxonomy":"product_tag","embeddable":true,"href":"https:\/\/abvision.pl\/de\/wp-json\/wp\/v2\/product_tag?post=4105"}],"curies":[{"name":"wp","href":"https:\/\/api.w.org\/{rel}","templated":true}]}}