{"id":4089,"date":"2020-11-09T11:48:32","date_gmt":"2020-11-09T10:48:32","guid":{"rendered":"https:\/\/abvision.pl\/?post_type=product&#038;p=4089"},"modified":"2020-11-09T11:48:32","modified_gmt":"2020-11-09T10:48:32","slug":"trybunka-eco","status":"publish","type":"product","link":"https:\/\/abvision.pl\/de\/p\/trybunka-eco\/","title":{"rendered":"Trybunka eco"},"content":{"rendered":"<p style=\"text-align: left;\">Wykonane z profili aluminiowych malowanych proszkowo a blat i p\u00f3\u0142ka z p\u0142yty meblowej w wybranym kolorze. Trybunk\u0119 mo\u017cna b\u0142yskawicznie rozstawi\u0107 a po z\u0142o\u017ceniu mie\u015bci si\u0119 w niewielkiej torbie transportowej. Solidnie zamontowane k\u00f3\u0142ka pozwalaj\u0105 na swobodne przemieszczanie trybunki.<\/p>\n<p style=\"text-align: left;\">Trybunka doskonale sprawdza si\u0119 w trakcie imprez targowych, konferencji, promocji.<\/p>\n<ul>\n<li style=\"text-align: left;\">Szeroko\u015b\u0107: 90cm<\/li>\n<li style=\"text-align: left;\">Wysoko\u015b\u0107: 95cm<\/li>\n<\/ul>\n","protected":false},"excerpt":{"rendered":"<p>Wykonane z profili aluminiowych malowanych proszkowo a blat i p\u00f3\u0142ka z p\u0142yty meblowej w wybranym kolorze. Trybunk\u0119 mo\u017cna b\u0142yskawicznie rozstawi\u0107 a po z\u0142o\u017ceniu mie\u015bci si\u0119 w niewielkiej torbie transportowej. Solidnie&hellip;<\/p>\n","protected":false},"featured_media":4090,"template":"","meta":{"ngg_post_thumbnail":0},"product_cat":[127],"product_tag":[],"yoast_head":"<!-- This site is optimized with the Yoast SEO plugin v19.6.1 - https:\/\/yoast.com\/wordpress\/plugins\/seo\/ -->\n<title>Trybunka eco | Ab Vision<\/title>\n<meta name=\"robots\" content=\"index, follow, max-snippet:-1, max-image-preview:large, max-video-preview:-1\" \/>\n<link rel=\"canonical\" href=\"https:\/\/abvision.pl\/p\/trybunka-eco\/\" \/>\n<meta property=\"og:locale\" content=\"de_DE\" \/>\n<meta property=\"og:type\" content=\"article\" \/>\n<meta property=\"og:title\" content=\"Trybunka eco | Ab Vision\" \/>\n<meta property=\"og:description\" content=\"Wykonane z profili aluminiowych malowanych proszkowo a blat i p\u00f3\u0142ka z p\u0142yty meblowej w wybranym kolorze. Trybunk\u0119 mo\u017cna b\u0142yskawicznie rozstawi\u0107 a po z\u0142o\u017ceniu mie\u015bci si\u0119 w niewielkiej torbie transportowej. Solidnie&hellip;\" \/>\n<meta property=\"og:url\" content=\"https:\/\/abvision.pl\/p\/trybunka-eco\/\" \/>\n<meta property=\"og:site_name\" content=\"Ab Vision\" \/>\n<meta property=\"article:publisher\" content=\"https:\/\/www.facebook.com\/agencja.abvision\/\" \/>\n<meta property=\"og:image\" content=\"https:\/\/abvision.pl\/wp-content\/uploads\/2020\/11\/render-t03_hit.jpg\" \/>\n\t<meta property=\"og:image:width\" content=\"1382\" \/>\n\t<meta property=\"og:image:height\" content=\"922\" \/>\n\t<meta property=\"og:image:type\" content=\"image\/jpeg\" \/>\n<meta name=\"twitter:card\" content=\"summary_large_image\" \/>\n<script type=\"application\/ld+json\" class=\"yoast-schema-graph\">{\"@context\":\"https:\/\/schema.org\",\"@graph\":[{\"@type\":\"WebPage\",\"@id\":\"https:\/\/abvision.pl\/p\/trybunka-eco\/\",\"url\":\"https:\/\/abvision.pl\/p\/trybunka-eco\/\",\"name\":\"Trybunka eco | Ab Vision\",\"isPartOf\":{\"@id\":\"https:\/\/abvision.pl\/#website\"},\"datePublished\":\"2020-11-09T10:48:32+00:00\",\"dateModified\":\"2020-11-09T10:48:32+00:00\",\"breadcrumb\":{\"@id\":\"https:\/\/abvision.pl\/p\/trybunka-eco\/#breadcrumb\"},\"inLanguage\":\"de\",\"potentialAction\":[{\"@type\":\"ReadAction\",\"target\":[\"https:\/\/abvision.pl\/p\/trybunka-eco\/\"]}]},{\"@type\":\"BreadcrumbList\",\"@id\":\"https:\/\/abvision.pl\/p\/trybunka-eco\/#breadcrumb\",\"itemListElement\":[{\"@type\":\"ListItem\",\"position\":1,\"name\":\"Strona g\u0142\u00f3wna\",\"item\":\"https:\/\/abvision.pl\/de\/home-page-4\/\"},{\"@type\":\"ListItem\",\"position\":2,\"name\":\"Gesch\u00e4ft\",\"item\":\"https:\/\/abvision.pl\/de\/geschaft\/\"},{\"@type\":\"ListItem\",\"position\":3,\"name\":\"Trybunka eco\"}]},{\"@type\":\"WebSite\",\"@id\":\"https:\/\/abvision.pl\/#website\",\"url\":\"https:\/\/abvision.pl\/\",\"name\":\"Ab Vision\",\"description\":\"\",\"potentialAction\":[{\"@type\":\"SearchAction\",\"target\":{\"@type\":\"EntryPoint\",\"urlTemplate\":\"https:\/\/abvision.pl\/?s={search_term_string}\"},\"query-input\":\"required name=search_term_string\"}],\"inLanguage\":\"de\"}]}<\/script>\n<!-- \/ Yoast SEO plugin. -->","yoast_head_json":{"title":"Trybunka eco | Ab Vision","robots":{"index":"index","follow":"follow","max-snippet":"max-snippet:-1","max-image-preview":"max-image-preview:large","max-video-preview":"max-video-preview:-1"},"canonical":"https:\/\/abvision.pl\/p\/trybunka-eco\/","og_locale":"de_DE","og_type":"article","og_title":"Trybunka eco | Ab Vision","og_description":"Wykonane z profili aluminiowych malowanych proszkowo a blat i p\u00f3\u0142ka z p\u0142yty meblowej w wybranym kolorze. Trybunk\u0119 mo\u017cna b\u0142yskawicznie rozstawi\u0107 a po z\u0142o\u017ceniu mie\u015bci si\u0119 w niewielkiej torbie transportowej. Solidnie&hellip;","og_url":"https:\/\/abvision.pl\/p\/trybunka-eco\/","og_site_name":"Ab Vision","article_publisher":"https:\/\/www.facebook.com\/agencja.abvision\/","og_image":[{"width":1382,"height":922,"url":"https:\/\/abvision.pl\/wp-content\/uploads\/2020\/11\/render-t03_hit.jpg","type":"image\/jpeg"}],"twitter_card":"summary_large_image","schema":{"@context":"https:\/\/schema.org","@graph":[{"@type":"WebPage","@id":"https:\/\/abvision.pl\/p\/trybunka-eco\/","url":"https:\/\/abvision.pl\/p\/trybunka-eco\/","name":"Trybunka eco | Ab Vision","isPartOf":{"@id":"https:\/\/abvision.pl\/#website"},"datePublished":"2020-11-09T10:48:32+00:00","dateModified":"2020-11-09T10:48:32+00:00","breadcrumb":{"@id":"https:\/\/abvision.pl\/p\/trybunka-eco\/#breadcrumb"},"inLanguage":"de","potentialAction":[{"@type":"ReadAction","target":["https:\/\/abvision.pl\/p\/trybunka-eco\/"]}]},{"@type":"BreadcrumbList","@id":"https:\/\/abvision.pl\/p\/trybunka-eco\/#breadcrumb","itemListElement":[{"@type":"ListItem","position":1,"name":"Strona g\u0142\u00f3wna","item":"https:\/\/abvision.pl\/de\/home-page-4\/"},{"@type":"ListItem","position":2,"name":"Gesch\u00e4ft","item":"https:\/\/abvision.pl\/de\/geschaft\/"},{"@type":"ListItem","position":3,"name":"Trybunka eco"}]},{"@type":"WebSite","@id":"https:\/\/abvision.pl\/#website","url":"https:\/\/abvision.pl\/","name":"Ab Vision","description":"","potentialAction":[{"@type":"SearchAction","target":{"@type":"EntryPoint","urlTemplate":"https:\/\/abvision.pl\/?s={search_term_string}"},"query-input":"required name=search_term_string"}],"inLanguage":"de"}]}},"_links":{"self":[{"href":"https:\/\/abvision.pl\/de\/wp-json\/wp\/v2\/product\/4089"}],"collection":[{"href":"https:\/\/abvision.pl\/de\/wp-json\/wp\/v2\/product"}],"about":[{"href":"https:\/\/abvision.pl\/de\/wp-json\/wp\/v2\/types\/product"}],"wp:featuredmedia":[{"embeddable":true,"href":"https:\/\/abvision.pl\/de\/wp-json\/wp\/v2\/media\/4090"}],"wp:attachment":[{"href":"https:\/\/abvision.pl\/de\/wp-json\/wp\/v2\/media?parent=4089"}],"wp:term":[{"taxonomy":"product_cat","embeddable":true,"href":"https:\/\/abvision.pl\/de\/wp-json\/wp\/v2\/product_cat?post=4089"},{"taxonomy":"product_tag","embeddable":true,"href":"https:\/\/abvision.pl\/de\/wp-json\/wp\/v2\/product_tag?post=4089"}],"curies":[{"name":"wp","href":"https:\/\/api.w.org\/{rel}","templated":true}]}}