{"id":4067,"date":"2020-11-06T14:46:48","date_gmt":"2020-11-06T13:46:48","guid":{"rendered":"https:\/\/abvision.pl\/?post_type=product&#038;p=4067"},"modified":"2020-11-13T15:13:03","modified_gmt":"2020-11-13T14:13:03","slug":"brama-reklamowa","status":"publish","type":"product","link":"https:\/\/abvision.pl\/de\/p\/brama-reklamowa\/","title":{"rendered":"Brama reklamowa"},"content":{"rendered":"<div id=\"jig1\" class=\"justified-image-grid jig-7cac8fb11606aaa3e7336da627f6062c jig-preset-global\"><div class=\"jig-clearfix\"><\/div><noscript id=\"jig1-html\" class=\"justified-image-grid-html\" data-lazy-src=\"skiplazyload\" data-src=\"skipunveillazyload\"><ul><li><a href=\"https:\/\/abvision.pl\/wp-content\/uploads\/2020\/11\/bramy-all.jpg\"><img src=\"https:\/\/abvision.pl\/wp-content\/plugins\/justified-image-grid\/timthumb.php?src=https%3A%2F%2Fabvision.pl%2Fwp-content%2Fuploads%2F2020%2F11%2Fbramy-all.jpg&amp;h=230&amp;q=90&amp;f=.jpg\" alt=\"bramy all\" width=\"287\" height=\"230\" \/><\/a><p class=\"jig-HTMLdescription\">bramy all<br\/><\/p><\/li><\/ul><\/noscript><\/div>\n<p style=\"text-align: left;\">Klasyczna brama reklamowa, dost\u0119pna w 3 kszta\u0142tach : \u0142uk, prostok\u0105t lub wielok\u0105t.<\/p>\n<p style=\"text-align: left;\">Mo\u017cliwo\u015b\u0107 pe\u0142nego, b\u0105d\u017a cz\u0119\u015bciowego zadruku.<\/p>\n<p style=\"text-align: left;\">W zestawie komplet narz\u0119dzi potrzebnych do monta\u017cu.<\/p>\n<p style=\"text-align: left;\">Dost\u0119pna w rozmiarze 8 lub 11 m.&nbsp;<\/p>\n","protected":false},"excerpt":{"rendered":"<p>Klasyczna brama reklamowa, dost\u0119pna w 3 kszta\u0142tach : \u0142uk, prostok\u0105t lub wielok\u0105t. Mo\u017cliwo\u015b\u0107 pe\u0142nego, b\u0105d\u017a cz\u0119\u015bciowego zadruku. W zestawie komplet narz\u0119dzi potrzebnych do monta\u017cu. Dost\u0119pna w rozmiarze 8 lub 11&hellip;<\/p>\n","protected":false},"featured_media":4068,"template":"","meta":{"ngg_post_thumbnail":0},"product_cat":[201],"product_tag":[],"yoast_head":"<!-- This site is optimized with the Yoast SEO plugin v19.6.1 - https:\/\/yoast.com\/wordpress\/plugins\/seo\/ -->\n<title>Brama reklamowa | Ab Vision<\/title>\n<meta name=\"robots\" content=\"index, follow, max-snippet:-1, max-image-preview:large, max-video-preview:-1\" \/>\n<link rel=\"canonical\" href=\"https:\/\/abvision.pl\/p\/brama-reklamowa\/\" \/>\n<meta property=\"og:locale\" content=\"de_DE\" \/>\n<meta property=\"og:type\" content=\"article\" \/>\n<meta property=\"og:title\" content=\"Brama reklamowa | Ab Vision\" \/>\n<meta property=\"og:description\" content=\"Klasyczna brama reklamowa, dost\u0119pna w 3 kszta\u0142tach : \u0142uk, prostok\u0105t lub wielok\u0105t. Mo\u017cliwo\u015b\u0107 pe\u0142nego, b\u0105d\u017a cz\u0119\u015bciowego zadruku. W zestawie komplet narz\u0119dzi potrzebnych do monta\u017cu. Dost\u0119pna w rozmiarze 8 lub 11&hellip;\" \/>\n<meta property=\"og:url\" content=\"https:\/\/abvision.pl\/p\/brama-reklamowa\/\" \/>\n<meta property=\"og:site_name\" content=\"Ab Vision\" \/>\n<meta property=\"article:publisher\" content=\"https:\/\/www.facebook.com\/agencja.abvision\/\" \/>\n<meta property=\"article:modified_time\" content=\"2020-11-13T14:13:03+00:00\" \/>\n<meta property=\"og:image\" content=\"https:\/\/abvision.pl\/wp-content\/uploads\/2020\/11\/brama-vento-M-wiz.jpg\" \/>\n\t<meta property=\"og:image:width\" content=\"1000\" \/>\n\t<meta property=\"og:image:height\" content=\"800\" \/>\n\t<meta property=\"og:image:type\" content=\"image\/jpeg\" \/>\n<meta name=\"twitter:card\" content=\"summary_large_image\" \/>\n<script type=\"application\/ld+json\" class=\"yoast-schema-graph\">{\"@context\":\"https:\/\/schema.org\",\"@graph\":[{\"@type\":\"WebPage\",\"@id\":\"https:\/\/abvision.pl\/p\/brama-reklamowa\/\",\"url\":\"https:\/\/abvision.pl\/p\/brama-reklamowa\/\",\"name\":\"Brama reklamowa | Ab Vision\",\"isPartOf\":{\"@id\":\"https:\/\/abvision.pl\/#website\"},\"datePublished\":\"2020-11-06T13:46:48+00:00\",\"dateModified\":\"2020-11-13T14:13:03+00:00\",\"breadcrumb\":{\"@id\":\"https:\/\/abvision.pl\/p\/brama-reklamowa\/#breadcrumb\"},\"inLanguage\":\"de\",\"potentialAction\":[{\"@type\":\"ReadAction\",\"target\":[\"https:\/\/abvision.pl\/p\/brama-reklamowa\/\"]}]},{\"@type\":\"BreadcrumbList\",\"@id\":\"https:\/\/abvision.pl\/p\/brama-reklamowa\/#breadcrumb\",\"itemListElement\":[{\"@type\":\"ListItem\",\"position\":1,\"name\":\"Strona g\u0142\u00f3wna\",\"item\":\"https:\/\/abvision.pl\/de\/home-page-4\/\"},{\"@type\":\"ListItem\",\"position\":2,\"name\":\"Gesch\u00e4ft\",\"item\":\"https:\/\/abvision.pl\/de\/geschaft\/\"},{\"@type\":\"ListItem\",\"position\":3,\"name\":\"Brama reklamowa\"}]},{\"@type\":\"WebSite\",\"@id\":\"https:\/\/abvision.pl\/#website\",\"url\":\"https:\/\/abvision.pl\/\",\"name\":\"Ab Vision\",\"description\":\"\",\"potentialAction\":[{\"@type\":\"SearchAction\",\"target\":{\"@type\":\"EntryPoint\",\"urlTemplate\":\"https:\/\/abvision.pl\/?s={search_term_string}\"},\"query-input\":\"required name=search_term_string\"}],\"inLanguage\":\"de\"}]}<\/script>\n<!-- \/ Yoast SEO plugin. -->","yoast_head_json":{"title":"Brama reklamowa | Ab Vision","robots":{"index":"index","follow":"follow","max-snippet":"max-snippet:-1","max-image-preview":"max-image-preview:large","max-video-preview":"max-video-preview:-1"},"canonical":"https:\/\/abvision.pl\/p\/brama-reklamowa\/","og_locale":"de_DE","og_type":"article","og_title":"Brama reklamowa | Ab Vision","og_description":"Klasyczna brama reklamowa, dost\u0119pna w 3 kszta\u0142tach : \u0142uk, prostok\u0105t lub wielok\u0105t. Mo\u017cliwo\u015b\u0107 pe\u0142nego, b\u0105d\u017a cz\u0119\u015bciowego zadruku. W zestawie komplet narz\u0119dzi potrzebnych do monta\u017cu. Dost\u0119pna w rozmiarze 8 lub 11&hellip;","og_url":"https:\/\/abvision.pl\/p\/brama-reklamowa\/","og_site_name":"Ab Vision","article_publisher":"https:\/\/www.facebook.com\/agencja.abvision\/","article_modified_time":"2020-11-13T14:13:03+00:00","og_image":[{"width":1000,"height":800,"url":"https:\/\/abvision.pl\/wp-content\/uploads\/2020\/11\/brama-vento-M-wiz.jpg","type":"image\/jpeg"}],"twitter_card":"summary_large_image","schema":{"@context":"https:\/\/schema.org","@graph":[{"@type":"WebPage","@id":"https:\/\/abvision.pl\/p\/brama-reklamowa\/","url":"https:\/\/abvision.pl\/p\/brama-reklamowa\/","name":"Brama reklamowa | Ab Vision","isPartOf":{"@id":"https:\/\/abvision.pl\/#website"},"datePublished":"2020-11-06T13:46:48+00:00","dateModified":"2020-11-13T14:13:03+00:00","breadcrumb":{"@id":"https:\/\/abvision.pl\/p\/brama-reklamowa\/#breadcrumb"},"inLanguage":"de","potentialAction":[{"@type":"ReadAction","target":["https:\/\/abvision.pl\/p\/brama-reklamowa\/"]}]},{"@type":"BreadcrumbList","@id":"https:\/\/abvision.pl\/p\/brama-reklamowa\/#breadcrumb","itemListElement":[{"@type":"ListItem","position":1,"name":"Strona g\u0142\u00f3wna","item":"https:\/\/abvision.pl\/de\/home-page-4\/"},{"@type":"ListItem","position":2,"name":"Gesch\u00e4ft","item":"https:\/\/abvision.pl\/de\/geschaft\/"},{"@type":"ListItem","position":3,"name":"Brama reklamowa"}]},{"@type":"WebSite","@id":"https:\/\/abvision.pl\/#website","url":"https:\/\/abvision.pl\/","name":"Ab Vision","description":"","potentialAction":[{"@type":"SearchAction","target":{"@type":"EntryPoint","urlTemplate":"https:\/\/abvision.pl\/?s={search_term_string}"},"query-input":"required name=search_term_string"}],"inLanguage":"de"}]}},"_links":{"self":[{"href":"https:\/\/abvision.pl\/de\/wp-json\/wp\/v2\/product\/4067"}],"collection":[{"href":"https:\/\/abvision.pl\/de\/wp-json\/wp\/v2\/product"}],"about":[{"href":"https:\/\/abvision.pl\/de\/wp-json\/wp\/v2\/types\/product"}],"wp:featuredmedia":[{"embeddable":true,"href":"https:\/\/abvision.pl\/de\/wp-json\/wp\/v2\/media\/4068"}],"wp:attachment":[{"href":"https:\/\/abvision.pl\/de\/wp-json\/wp\/v2\/media?parent=4067"}],"wp:term":[{"taxonomy":"product_cat","embeddable":true,"href":"https:\/\/abvision.pl\/de\/wp-json\/wp\/v2\/product_cat?post=4067"},{"taxonomy":"product_tag","embeddable":true,"href":"https:\/\/abvision.pl\/de\/wp-json\/wp\/v2\/product_tag?post=4067"}],"curies":[{"name":"wp","href":"https:\/\/api.w.org\/{rel}","templated":true}]}}