{"id":3859,"date":"2020-10-29T13:07:20","date_gmt":"2020-10-29T12:07:20","guid":{"rendered":"https:\/\/abvision.pl\/?post_type=product&#038;p=3859"},"modified":"2022-09-09T09:13:39","modified_gmt":"2022-09-09T07:13:39","slug":"stelaz-aluminiowy-3x3-do-namiotu","status":"publish","type":"product","link":"https:\/\/abvision.pl\/de\/p\/stelaz-aluminiowy-3x3-do-namiotu\/","title":{"rendered":"Stela\u017c aluminiowy 3&#215;3 do namiotu"},"content":{"rendered":"<div id=\"jig1\" class=\"justified-image-grid jig-98cdb13975160a91411c9159dffb1a2e jig-preset-global\"><div class=\"jig-clearfix\"><\/div><noscript id=\"jig1-html\" class=\"justified-image-grid-html\" data-lazy-src=\"skiplazyload\" data-src=\"skipunveillazyload\"><ul><li><a href=\"https:\/\/abvision.pl\/wp-content\/uploads\/2020\/10\/05-1-1024x683.jpg\"><img src=\"https:\/\/abvision.pl\/wp-content\/plugins\/justified-image-grid\/timthumb.php?src=https%3A%2F%2Fabvision.pl%2Fwp-content%2Fuploads%2F2020%2F10%2F05-1-1024x683.jpg&amp;h=230&amp;q=90&amp;f=.jpg\" alt=\"background\" width=\"344\" height=\"230\" \/><\/a><p class=\"jig-HTMLdescription\">background<br\/><\/p><\/li><li><a href=\"https:\/\/abvision.pl\/wp-content\/uploads\/2020\/10\/07-1024x683.jpg\"><img src=\"https:\/\/abvision.pl\/wp-content\/plugins\/justified-image-grid\/timthumb.php?src=https%3A%2F%2Fabvision.pl%2Fwp-content%2Fuploads%2F2020%2F10%2F07-1024x683.jpg&amp;h=230&amp;q=90&amp;f=.jpg\" alt=\"background\" width=\"344\" height=\"230\" \/><\/a><p class=\"jig-HTMLdescription\">background<br\/><\/p><\/li><li><a href=\"https:\/\/abvision.pl\/wp-content\/uploads\/2020\/10\/03-3-1024x683.jpg\"><img src=\"https:\/\/abvision.pl\/wp-content\/plugins\/justified-image-grid\/timthumb.php?src=https%3A%2F%2Fabvision.pl%2Fwp-content%2Fuploads%2F2020%2F10%2F03-3-1024x683.jpg&amp;h=230&amp;q=90&amp;f=.jpg\" alt=\"background\" width=\"344\" height=\"230\" \/><\/a><p class=\"jig-HTMLdescription\">background<br\/><\/p><\/li><li><a href=\"https:\/\/abvision.pl\/wp-content\/uploads\/2020\/10\/03-2-1024x683.jpg\"><img src=\"https:\/\/abvision.pl\/wp-content\/plugins\/justified-image-grid\/timthumb.php?src=https%3A%2F%2Fabvision.pl%2Fwp-content%2Fuploads%2F2020%2F10%2F03-2-1024x683.jpg&amp;h=230&amp;q=90&amp;f=.jpg\" alt=\"background\" width=\"344\" height=\"230\" \/><\/a><p class=\"jig-HTMLdescription\">background<br\/><\/p><\/li><\/ul><\/noscript><\/div>\n<p>&nbsp;<\/p>\n<p style=\"text-align: left;\">Stela\u017c wykonany jest z anodowanego aluminium o profilu 35\u00d735x2mm. \u0141\u0105czniki wykonane s\u0105 z tworzywa polipropylenowego utwardzanego talkiem. Ca\u0142o\u015b\u0107 skr\u0119cana jest r\u0119cznie.<\/p>\n<p style=\"text-align: left;\">Specyfikacja produktu<\/p>\n<ul style=\"text-align: left;\">\n<li>Wysoko\u015b\u0107 regulowana<\/li>\n<li>Konstrukcja: aluminium anodowane<\/li>\n<li>Rozmiar profilu: noga kwadratowa 35mm x 35mm<\/li>\n<li>Waga: ok. 23kg<\/li>\n<\/ul>\n<p style=\"text-align: left;\">Na zam\u00f3wienie dost\u0119pny r\u00f3wnie\u017c stela\u017c 2x2m, 2x3m, 3\u00d74,5 m ; 3\u00d76 m, 4x4m oraz 4x6m<\/p>\n<p style=\"text-align: left;\">Ze wzgl\u0119du na r\u00f3\u017cne wymagania co do konfiguracji poszycia nie jest ono wliczone w cen\u0119, dok\u0142adny koszt kompletnego namiotu uzgadniany jest telefonicznie.<\/p>\n","protected":false},"excerpt":{"rendered":"<p>&nbsp; Stela\u017c wykonany jest z anodowanego aluminium o profilu 35\u00d735x2mm. \u0141\u0105czniki wykonane s\u0105 z tworzywa polipropylenowego utwardzanego talkiem. Ca\u0142o\u015b\u0107 skr\u0119cana jest r\u0119cznie. Specyfikacja produktu Wysoko\u015b\u0107 regulowana Konstrukcja: aluminium anodowane Rozmiar&hellip;<\/p>\n","protected":false},"featured_media":3796,"template":"","meta":{"ngg_post_thumbnail":0},"product_cat":[196],"product_tag":[],"yoast_head":"<!-- This site is optimized with the Yoast SEO plugin v19.6.1 - https:\/\/yoast.com\/wordpress\/plugins\/seo\/ -->\n<title>Stela\u017c aluminiowy 3x3 do namiotu | Ab Vision<\/title>\n<meta name=\"robots\" content=\"index, follow, max-snippet:-1, max-image-preview:large, max-video-preview:-1\" \/>\n<link rel=\"canonical\" href=\"https:\/\/abvision.pl\/p\/stelaz-aluminiowy-3x3-do-namiotu\/\" \/>\n<meta property=\"og:locale\" content=\"de_DE\" \/>\n<meta property=\"og:type\" content=\"article\" \/>\n<meta property=\"og:title\" content=\"Stela\u017c aluminiowy 3x3 do namiotu | Ab Vision\" \/>\n<meta property=\"og:description\" content=\"&nbsp; Stela\u017c wykonany jest z anodowanego aluminium o profilu 35\u00d735x2mm. \u0141\u0105czniki wykonane s\u0105 z tworzywa polipropylenowego utwardzanego talkiem. Ca\u0142o\u015b\u0107 skr\u0119cana jest r\u0119cznie. Specyfikacja produktu Wysoko\u015b\u0107 regulowana Konstrukcja: aluminium anodowane Rozmiar&hellip;\" \/>\n<meta property=\"og:url\" content=\"https:\/\/abvision.pl\/p\/stelaz-aluminiowy-3x3-do-namiotu\/\" \/>\n<meta property=\"og:site_name\" content=\"Ab Vision\" \/>\n<meta property=\"article:publisher\" content=\"https:\/\/www.facebook.com\/agencja.abvision\/\" \/>\n<meta property=\"article:modified_time\" content=\"2022-09-09T07:13:39+00:00\" \/>\n<meta property=\"og:image\" content=\"https:\/\/abvision.pl\/wp-content\/uploads\/2020\/10\/alu-stelaz_gray-scaled.jpg\" \/>\n\t<meta property=\"og:image:width\" content=\"1707\" \/>\n\t<meta property=\"og:image:height\" content=\"2560\" \/>\n\t<meta property=\"og:image:type\" content=\"image\/jpeg\" \/>\n<meta name=\"twitter:card\" content=\"summary_large_image\" \/>\n<meta name=\"twitter:label1\" content=\"Gesch\u00e4tzte Lesezeit\" \/>\n\t<meta name=\"twitter:data1\" content=\"1\u00a0Minute\" \/>\n<script type=\"application\/ld+json\" class=\"yoast-schema-graph\">{\"@context\":\"https:\/\/schema.org\",\"@graph\":[{\"@type\":\"WebPage\",\"@id\":\"https:\/\/abvision.pl\/p\/stelaz-aluminiowy-3x3-do-namiotu\/\",\"url\":\"https:\/\/abvision.pl\/p\/stelaz-aluminiowy-3x3-do-namiotu\/\",\"name\":\"Stela\u017c aluminiowy 3x3 do namiotu | Ab Vision\",\"isPartOf\":{\"@id\":\"https:\/\/abvision.pl\/#website\"},\"datePublished\":\"2020-10-29T12:07:20+00:00\",\"dateModified\":\"2022-09-09T07:13:39+00:00\",\"breadcrumb\":{\"@id\":\"https:\/\/abvision.pl\/p\/stelaz-aluminiowy-3x3-do-namiotu\/#breadcrumb\"},\"inLanguage\":\"de\",\"potentialAction\":[{\"@type\":\"ReadAction\",\"target\":[\"https:\/\/abvision.pl\/p\/stelaz-aluminiowy-3x3-do-namiotu\/\"]}]},{\"@type\":\"BreadcrumbList\",\"@id\":\"https:\/\/abvision.pl\/p\/stelaz-aluminiowy-3x3-do-namiotu\/#breadcrumb\",\"itemListElement\":[{\"@type\":\"ListItem\",\"position\":1,\"name\":\"Strona g\u0142\u00f3wna\",\"item\":\"https:\/\/abvision.pl\/de\/home-page-4\/\"},{\"@type\":\"ListItem\",\"position\":2,\"name\":\"Gesch\u00e4ft\",\"item\":\"https:\/\/abvision.pl\/de\/geschaft\/\"},{\"@type\":\"ListItem\",\"position\":3,\"name\":\"Stela\u017c aluminiowy 3&#215;3 do namiotu\"}]},{\"@type\":\"WebSite\",\"@id\":\"https:\/\/abvision.pl\/#website\",\"url\":\"https:\/\/abvision.pl\/\",\"name\":\"Ab Vision\",\"description\":\"\",\"potentialAction\":[{\"@type\":\"SearchAction\",\"target\":{\"@type\":\"EntryPoint\",\"urlTemplate\":\"https:\/\/abvision.pl\/?s={search_term_string}\"},\"query-input\":\"required name=search_term_string\"}],\"inLanguage\":\"de\"}]}<\/script>\n<!-- \/ Yoast SEO plugin. -->","yoast_head_json":{"title":"Stela\u017c aluminiowy 3x3 do namiotu | Ab Vision","robots":{"index":"index","follow":"follow","max-snippet":"max-snippet:-1","max-image-preview":"max-image-preview:large","max-video-preview":"max-video-preview:-1"},"canonical":"https:\/\/abvision.pl\/p\/stelaz-aluminiowy-3x3-do-namiotu\/","og_locale":"de_DE","og_type":"article","og_title":"Stela\u017c aluminiowy 3x3 do namiotu | Ab Vision","og_description":"&nbsp; Stela\u017c wykonany jest z anodowanego aluminium o profilu 35\u00d735x2mm. \u0141\u0105czniki wykonane s\u0105 z tworzywa polipropylenowego utwardzanego talkiem. Ca\u0142o\u015b\u0107 skr\u0119cana jest r\u0119cznie. Specyfikacja produktu Wysoko\u015b\u0107 regulowana Konstrukcja: aluminium anodowane Rozmiar&hellip;","og_url":"https:\/\/abvision.pl\/p\/stelaz-aluminiowy-3x3-do-namiotu\/","og_site_name":"Ab Vision","article_publisher":"https:\/\/www.facebook.com\/agencja.abvision\/","article_modified_time":"2022-09-09T07:13:39+00:00","og_image":[{"width":1707,"height":2560,"url":"https:\/\/abvision.pl\/wp-content\/uploads\/2020\/10\/alu-stelaz_gray-scaled.jpg","type":"image\/jpeg"}],"twitter_card":"summary_large_image","twitter_misc":{"Gesch\u00e4tzte Lesezeit":"1\u00a0Minute"},"schema":{"@context":"https:\/\/schema.org","@graph":[{"@type":"WebPage","@id":"https:\/\/abvision.pl\/p\/stelaz-aluminiowy-3x3-do-namiotu\/","url":"https:\/\/abvision.pl\/p\/stelaz-aluminiowy-3x3-do-namiotu\/","name":"Stela\u017c aluminiowy 3x3 do namiotu | Ab Vision","isPartOf":{"@id":"https:\/\/abvision.pl\/#website"},"datePublished":"2020-10-29T12:07:20+00:00","dateModified":"2022-09-09T07:13:39+00:00","breadcrumb":{"@id":"https:\/\/abvision.pl\/p\/stelaz-aluminiowy-3x3-do-namiotu\/#breadcrumb"},"inLanguage":"de","potentialAction":[{"@type":"ReadAction","target":["https:\/\/abvision.pl\/p\/stelaz-aluminiowy-3x3-do-namiotu\/"]}]},{"@type":"BreadcrumbList","@id":"https:\/\/abvision.pl\/p\/stelaz-aluminiowy-3x3-do-namiotu\/#breadcrumb","itemListElement":[{"@type":"ListItem","position":1,"name":"Strona g\u0142\u00f3wna","item":"https:\/\/abvision.pl\/de\/home-page-4\/"},{"@type":"ListItem","position":2,"name":"Gesch\u00e4ft","item":"https:\/\/abvision.pl\/de\/geschaft\/"},{"@type":"ListItem","position":3,"name":"Stela\u017c aluminiowy 3&#215;3 do namiotu"}]},{"@type":"WebSite","@id":"https:\/\/abvision.pl\/#website","url":"https:\/\/abvision.pl\/","name":"Ab Vision","description":"","potentialAction":[{"@type":"SearchAction","target":{"@type":"EntryPoint","urlTemplate":"https:\/\/abvision.pl\/?s={search_term_string}"},"query-input":"required name=search_term_string"}],"inLanguage":"de"}]}},"_links":{"self":[{"href":"https:\/\/abvision.pl\/de\/wp-json\/wp\/v2\/product\/3859"}],"collection":[{"href":"https:\/\/abvision.pl\/de\/wp-json\/wp\/v2\/product"}],"about":[{"href":"https:\/\/abvision.pl\/de\/wp-json\/wp\/v2\/types\/product"}],"wp:featuredmedia":[{"embeddable":true,"href":"https:\/\/abvision.pl\/de\/wp-json\/wp\/v2\/media\/3796"}],"wp:attachment":[{"href":"https:\/\/abvision.pl\/de\/wp-json\/wp\/v2\/media?parent=3859"}],"wp:term":[{"taxonomy":"product_cat","embeddable":true,"href":"https:\/\/abvision.pl\/de\/wp-json\/wp\/v2\/product_cat?post=3859"},{"taxonomy":"product_tag","embeddable":true,"href":"https:\/\/abvision.pl\/de\/wp-json\/wp\/v2\/product_tag?post=3859"}],"curies":[{"name":"wp","href":"https:\/\/api.w.org\/{rel}","templated":true}]}}