{"id":3116,"date":"2020-10-16T15:01:23","date_gmt":"2020-10-16T13:01:23","guid":{"rendered":"https:\/\/abvision.fancybox.work\/?post_type=product&#038;p=3116"},"modified":"2022-09-09T09:15:33","modified_gmt":"2022-09-09T07:15:33","slug":"stelaz-stalowy-premium-max-do-namiotu","status":"publish","type":"product","link":"https:\/\/abvision.pl\/de\/p\/stelaz-stalowy-premium-max-do-namiotu\/","title":{"rendered":"Stela\u017c stalowy 3&#215;3 STANDARD do namiotu"},"content":{"rendered":"\n<p>&nbsp;<\/p>\n<p>Stela\u017c wykonany jest ze stali co zapewnia wysok\u0105 trwa\u0142o\u015b\u0107 i stabilno\u015b\u0107 namiotu. Nogi sze\u015bciok\u0105tne o przekroju 35 mm. \u0141\u0105czniki wykonane ze stali, a ca\u0142o\u015b\u0107 skr\u0119cana r\u0119cznie.<\/p>\n<p>Specyfikacja produktu<\/p>\n<ul>\n<li>Wysoko\u015b\u0107 regulowana<\/li>\n<li>Konstrukcja: stalowa<\/li>\n<li>Rozmiar profilu: noga sze\u015bciok\u0105tna o przekroju<\/li>\n<li>Waga: ok. 35 kg<\/li>\n<\/ul>\n<p>Na zam\u00f3wienie dost\u0119pny r\u00f3wnie\u017c stela\u017c 3\u00d74,5 m ; 3\u00d76 m.<\/p>\n<p>Ze wzgl\u0119du na r\u00f3\u017cne wymagania co do konfiguracji poszycia nie jest ono wliczone w cen\u0119, dok\u0142adny koszt kompletnego namiotu uzgadniany jest telefonicznie.<\/p>\n","protected":false},"excerpt":{"rendered":"<p>&nbsp; Stela\u017c wykonany jest ze stali co zapewnia wysok\u0105 trwa\u0142o\u015b\u0107 i stabilno\u015b\u0107 namiotu. Nogi sze\u015bciok\u0105tne o przekroju 35 mm. \u0141\u0105czniki wykonane ze stali, a ca\u0142o\u015b\u0107 skr\u0119cana r\u0119cznie. Specyfikacja produktu Wysoko\u015b\u0107&hellip;<\/p>\n","protected":false},"featured_media":3112,"template":"","meta":{"ngg_post_thumbnail":0},"product_cat":[50],"product_tag":[],"yoast_head":"<!-- This site is optimized with the Yoast SEO plugin v19.6.1 - https:\/\/yoast.com\/wordpress\/plugins\/seo\/ -->\n<title>Stela\u017c stalowy 3x3 STANDARD do namiotu | Ab Vision<\/title>\n<meta name=\"robots\" content=\"index, follow, max-snippet:-1, max-image-preview:large, max-video-preview:-1\" \/>\n<link rel=\"canonical\" href=\"https:\/\/abvision.pl\/p\/stelaz-stalowy-premium-max-do-namiotu\/\" \/>\n<meta property=\"og:locale\" content=\"de_DE\" \/>\n<meta property=\"og:type\" content=\"article\" \/>\n<meta property=\"og:title\" content=\"Stela\u017c stalowy 3x3 STANDARD do namiotu | Ab Vision\" \/>\n<meta property=\"og:description\" content=\"&nbsp; Stela\u017c wykonany jest ze stali co zapewnia wysok\u0105 trwa\u0142o\u015b\u0107 i stabilno\u015b\u0107 namiotu. Nogi sze\u015bciok\u0105tne o przekroju 35 mm. \u0141\u0105czniki wykonane ze stali, a ca\u0142o\u015b\u0107 skr\u0119cana r\u0119cznie. Specyfikacja produktu Wysoko\u015b\u0107&hellip;\" \/>\n<meta property=\"og:url\" content=\"https:\/\/abvision.pl\/p\/stelaz-stalowy-premium-max-do-namiotu\/\" \/>\n<meta property=\"og:site_name\" content=\"Ab Vision\" \/>\n<meta property=\"article:publisher\" content=\"https:\/\/www.facebook.com\/agencja.abvision\/\" \/>\n<meta property=\"article:modified_time\" content=\"2022-09-09T07:15:33+00:00\" \/>\n<meta property=\"og:image\" content=\"https:\/\/abvision.pl\/wp-content\/uploads\/2020\/10\/stalowy01_stelaz.jpg\" \/>\n\t<meta property=\"og:image:width\" content=\"1382\" \/>\n\t<meta property=\"og:image:height\" content=\"922\" \/>\n\t<meta property=\"og:image:type\" content=\"image\/jpeg\" \/>\n<meta name=\"twitter:card\" content=\"summary_large_image\" \/>\n<meta name=\"twitter:label1\" content=\"Gesch\u00e4tzte Lesezeit\" \/>\n\t<meta name=\"twitter:data1\" content=\"1\u00a0Minute\" \/>\n<script type=\"application\/ld+json\" class=\"yoast-schema-graph\">{\"@context\":\"https:\/\/schema.org\",\"@graph\":[{\"@type\":\"WebPage\",\"@id\":\"https:\/\/abvision.pl\/p\/stelaz-stalowy-premium-max-do-namiotu\/\",\"url\":\"https:\/\/abvision.pl\/p\/stelaz-stalowy-premium-max-do-namiotu\/\",\"name\":\"Stela\u017c stalowy 3x3 STANDARD do namiotu | Ab Vision\",\"isPartOf\":{\"@id\":\"https:\/\/abvision.pl\/#website\"},\"datePublished\":\"2020-10-16T13:01:23+00:00\",\"dateModified\":\"2022-09-09T07:15:33+00:00\",\"breadcrumb\":{\"@id\":\"https:\/\/abvision.pl\/p\/stelaz-stalowy-premium-max-do-namiotu\/#breadcrumb\"},\"inLanguage\":\"de\",\"potentialAction\":[{\"@type\":\"ReadAction\",\"target\":[\"https:\/\/abvision.pl\/p\/stelaz-stalowy-premium-max-do-namiotu\/\"]}]},{\"@type\":\"BreadcrumbList\",\"@id\":\"https:\/\/abvision.pl\/p\/stelaz-stalowy-premium-max-do-namiotu\/#breadcrumb\",\"itemListElement\":[{\"@type\":\"ListItem\",\"position\":1,\"name\":\"Strona g\u0142\u00f3wna\",\"item\":\"https:\/\/abvision.pl\/de\/home-page-4\/\"},{\"@type\":\"ListItem\",\"position\":2,\"name\":\"Gesch\u00e4ft\",\"item\":\"https:\/\/abvision.pl\/de\/geschaft\/\"},{\"@type\":\"ListItem\",\"position\":3,\"name\":\"Stela\u017c stalowy 3&#215;3 STANDARD do namiotu\"}]},{\"@type\":\"WebSite\",\"@id\":\"https:\/\/abvision.pl\/#website\",\"url\":\"https:\/\/abvision.pl\/\",\"name\":\"Ab Vision\",\"description\":\"\",\"potentialAction\":[{\"@type\":\"SearchAction\",\"target\":{\"@type\":\"EntryPoint\",\"urlTemplate\":\"https:\/\/abvision.pl\/?s={search_term_string}\"},\"query-input\":\"required name=search_term_string\"}],\"inLanguage\":\"de\"}]}<\/script>\n<!-- \/ Yoast SEO plugin. -->","yoast_head_json":{"title":"Stela\u017c stalowy 3x3 STANDARD do namiotu | Ab Vision","robots":{"index":"index","follow":"follow","max-snippet":"max-snippet:-1","max-image-preview":"max-image-preview:large","max-video-preview":"max-video-preview:-1"},"canonical":"https:\/\/abvision.pl\/p\/stelaz-stalowy-premium-max-do-namiotu\/","og_locale":"de_DE","og_type":"article","og_title":"Stela\u017c stalowy 3x3 STANDARD do namiotu | Ab Vision","og_description":"&nbsp; Stela\u017c wykonany jest ze stali co zapewnia wysok\u0105 trwa\u0142o\u015b\u0107 i stabilno\u015b\u0107 namiotu. Nogi sze\u015bciok\u0105tne o przekroju 35 mm. \u0141\u0105czniki wykonane ze stali, a ca\u0142o\u015b\u0107 skr\u0119cana r\u0119cznie. Specyfikacja produktu Wysoko\u015b\u0107&hellip;","og_url":"https:\/\/abvision.pl\/p\/stelaz-stalowy-premium-max-do-namiotu\/","og_site_name":"Ab Vision","article_publisher":"https:\/\/www.facebook.com\/agencja.abvision\/","article_modified_time":"2022-09-09T07:15:33+00:00","og_image":[{"width":1382,"height":922,"url":"https:\/\/abvision.pl\/wp-content\/uploads\/2020\/10\/stalowy01_stelaz.jpg","type":"image\/jpeg"}],"twitter_card":"summary_large_image","twitter_misc":{"Gesch\u00e4tzte Lesezeit":"1\u00a0Minute"},"schema":{"@context":"https:\/\/schema.org","@graph":[{"@type":"WebPage","@id":"https:\/\/abvision.pl\/p\/stelaz-stalowy-premium-max-do-namiotu\/","url":"https:\/\/abvision.pl\/p\/stelaz-stalowy-premium-max-do-namiotu\/","name":"Stela\u017c stalowy 3x3 STANDARD do namiotu | Ab Vision","isPartOf":{"@id":"https:\/\/abvision.pl\/#website"},"datePublished":"2020-10-16T13:01:23+00:00","dateModified":"2022-09-09T07:15:33+00:00","breadcrumb":{"@id":"https:\/\/abvision.pl\/p\/stelaz-stalowy-premium-max-do-namiotu\/#breadcrumb"},"inLanguage":"de","potentialAction":[{"@type":"ReadAction","target":["https:\/\/abvision.pl\/p\/stelaz-stalowy-premium-max-do-namiotu\/"]}]},{"@type":"BreadcrumbList","@id":"https:\/\/abvision.pl\/p\/stelaz-stalowy-premium-max-do-namiotu\/#breadcrumb","itemListElement":[{"@type":"ListItem","position":1,"name":"Strona g\u0142\u00f3wna","item":"https:\/\/abvision.pl\/de\/home-page-4\/"},{"@type":"ListItem","position":2,"name":"Gesch\u00e4ft","item":"https:\/\/abvision.pl\/de\/geschaft\/"},{"@type":"ListItem","position":3,"name":"Stela\u017c stalowy 3&#215;3 STANDARD do namiotu"}]},{"@type":"WebSite","@id":"https:\/\/abvision.pl\/#website","url":"https:\/\/abvision.pl\/","name":"Ab Vision","description":"","potentialAction":[{"@type":"SearchAction","target":{"@type":"EntryPoint","urlTemplate":"https:\/\/abvision.pl\/?s={search_term_string}"},"query-input":"required name=search_term_string"}],"inLanguage":"de"}]}},"_links":{"self":[{"href":"https:\/\/abvision.pl\/de\/wp-json\/wp\/v2\/product\/3116"}],"collection":[{"href":"https:\/\/abvision.pl\/de\/wp-json\/wp\/v2\/product"}],"about":[{"href":"https:\/\/abvision.pl\/de\/wp-json\/wp\/v2\/types\/product"}],"wp:featuredmedia":[{"embeddable":true,"href":"https:\/\/abvision.pl\/de\/wp-json\/wp\/v2\/media\/3112"}],"wp:attachment":[{"href":"https:\/\/abvision.pl\/de\/wp-json\/wp\/v2\/media?parent=3116"}],"wp:term":[{"taxonomy":"product_cat","embeddable":true,"href":"https:\/\/abvision.pl\/de\/wp-json\/wp\/v2\/product_cat?post=3116"},{"taxonomy":"product_tag","embeddable":true,"href":"https:\/\/abvision.pl\/de\/wp-json\/wp\/v2\/product_tag?post=3116"}],"curies":[{"name":"wp","href":"https:\/\/api.w.org\/{rel}","templated":true}]}}