{"id":2767,"date":"2020-09-03T22:24:50","date_gmt":"2020-09-03T20:24:50","guid":{"rendered":"https:\/\/abvision.fancybox.work\/?post_type=product&#038;p=2767"},"modified":"2020-11-09T12:07:02","modified_gmt":"2020-11-09T11:07:02","slug":"flaga-ksztalt-3","status":"publish","type":"product","link":"https:\/\/abvision.pl\/de\/p\/flaga-ksztalt-3\/","title":{"rendered":"Flaga &#8211; Kszta\u0142t 3"},"content":{"rendered":"<p style=\"text-align: left;\">Flaga wykonana w technologii druku cyfrowego bezpo\u015bredniego na wysokiej jako\u015bci dzianinie flagowej poliestrowej o gramaturze 120 g\/m<sup>2<\/sup><\/p>\n<p style=\"text-align: left;\">Flagi dost\u0119pne w 3 kszta\u0142tach.<\/p>\n<p style=\"text-align: left;\">Maszt aluminiowy 20 mm o sztywnej konstrukcji.<\/p>\n<p style=\"text-align: left;\"><strong>Wysoko\u015b\u0107 ca\u0142kowita konstrukcji po za\u0142o\u017ceniu flagi na maszt to dodatkowe 50 cm: dla przyk\u0142adu wysoko\u015b\u0107 ca\u0142kowita flagi o rozmiarze 90&#215;200 cm to 250 cm. <\/strong><\/p>\n","protected":false},"excerpt":{"rendered":"<p>Flaga wykonana w technologii druku cyfrowego bezpo\u015bredniego na wysokiej jako\u015bci dzianinie flagowej poliestrowej o gramaturze 120 g\/m2 Flagi dost\u0119pne w 3 kszta\u0142tach. Maszt aluminiowy 20 mm o sztywnej konstrukcji. Wysoko\u015b\u0107&hellip;<\/p>\n","protected":false},"featured_media":2756,"template":"","meta":{"ngg_post_thumbnail":0},"product_cat":[66],"product_tag":[],"yoast_head":"<!-- This site is optimized with the Yoast SEO plugin v19.6.1 - https:\/\/yoast.com\/wordpress\/plugins\/seo\/ -->\n<title>Flaga - Kszta\u0142t 3 | Ab Vision<\/title>\n<meta name=\"robots\" content=\"index, follow, max-snippet:-1, max-image-preview:large, max-video-preview:-1\" \/>\n<link rel=\"canonical\" href=\"https:\/\/abvision.pl\/p\/flaga-ksztalt-3\/\" \/>\n<meta property=\"og:locale\" content=\"de_DE\" \/>\n<meta property=\"og:type\" content=\"article\" \/>\n<meta property=\"og:title\" content=\"Flaga - Kszta\u0142t 3 | Ab Vision\" \/>\n<meta property=\"og:description\" content=\"Flaga wykonana w technologii druku cyfrowego bezpo\u015bredniego na wysokiej jako\u015bci dzianinie flagowej poliestrowej o gramaturze 120 g\/m2 Flagi dost\u0119pne w 3 kszta\u0142tach. Maszt aluminiowy 20 mm o sztywnej konstrukcji. Wysoko\u015b\u0107&hellip;\" \/>\n<meta property=\"og:url\" content=\"https:\/\/abvision.pl\/p\/flaga-ksztalt-3\/\" \/>\n<meta property=\"og:site_name\" content=\"Ab Vision\" \/>\n<meta property=\"article:publisher\" content=\"https:\/\/www.facebook.com\/agencja.abvision\/\" \/>\n<meta property=\"article:modified_time\" content=\"2020-11-09T11:07:02+00:00\" \/>\n<meta property=\"og:image\" content=\"https:\/\/abvision.pl\/wp-content\/uploads\/2020\/09\/flaga-3.jpg\" \/>\n\t<meta property=\"og:image:width\" content=\"758\" \/>\n\t<meta property=\"og:image:height\" content=\"900\" \/>\n\t<meta property=\"og:image:type\" content=\"image\/jpeg\" \/>\n<meta name=\"twitter:card\" content=\"summary_large_image\" \/>\n<script type=\"application\/ld+json\" class=\"yoast-schema-graph\">{\"@context\":\"https:\/\/schema.org\",\"@graph\":[{\"@type\":\"WebPage\",\"@id\":\"https:\/\/abvision.pl\/p\/flaga-ksztalt-3\/\",\"url\":\"https:\/\/abvision.pl\/p\/flaga-ksztalt-3\/\",\"name\":\"Flaga - Kszta\u0142t 3 | Ab Vision\",\"isPartOf\":{\"@id\":\"https:\/\/abvision.pl\/#website\"},\"datePublished\":\"2020-09-03T20:24:50+00:00\",\"dateModified\":\"2020-11-09T11:07:02+00:00\",\"breadcrumb\":{\"@id\":\"https:\/\/abvision.pl\/p\/flaga-ksztalt-3\/#breadcrumb\"},\"inLanguage\":\"de\",\"potentialAction\":[{\"@type\":\"ReadAction\",\"target\":[\"https:\/\/abvision.pl\/p\/flaga-ksztalt-3\/\"]}]},{\"@type\":\"BreadcrumbList\",\"@id\":\"https:\/\/abvision.pl\/p\/flaga-ksztalt-3\/#breadcrumb\",\"itemListElement\":[{\"@type\":\"ListItem\",\"position\":1,\"name\":\"Strona g\u0142\u00f3wna\",\"item\":\"https:\/\/abvision.pl\/de\/home-page-4\/\"},{\"@type\":\"ListItem\",\"position\":2,\"name\":\"Gesch\u00e4ft\",\"item\":\"https:\/\/abvision.pl\/de\/geschaft\/\"},{\"@type\":\"ListItem\",\"position\":3,\"name\":\"Flaga &#8211; Kszta\u0142t 3\"}]},{\"@type\":\"WebSite\",\"@id\":\"https:\/\/abvision.pl\/#website\",\"url\":\"https:\/\/abvision.pl\/\",\"name\":\"Ab Vision\",\"description\":\"\",\"potentialAction\":[{\"@type\":\"SearchAction\",\"target\":{\"@type\":\"EntryPoint\",\"urlTemplate\":\"https:\/\/abvision.pl\/?s={search_term_string}\"},\"query-input\":\"required name=search_term_string\"}],\"inLanguage\":\"de\"}]}<\/script>\n<!-- \/ Yoast SEO plugin. -->","yoast_head_json":{"title":"Flaga - Kszta\u0142t 3 | Ab Vision","robots":{"index":"index","follow":"follow","max-snippet":"max-snippet:-1","max-image-preview":"max-image-preview:large","max-video-preview":"max-video-preview:-1"},"canonical":"https:\/\/abvision.pl\/p\/flaga-ksztalt-3\/","og_locale":"de_DE","og_type":"article","og_title":"Flaga - Kszta\u0142t 3 | Ab Vision","og_description":"Flaga wykonana w technologii druku cyfrowego bezpo\u015bredniego na wysokiej jako\u015bci dzianinie flagowej poliestrowej o gramaturze 120 g\/m2 Flagi dost\u0119pne w 3 kszta\u0142tach. Maszt aluminiowy 20 mm o sztywnej konstrukcji. Wysoko\u015b\u0107&hellip;","og_url":"https:\/\/abvision.pl\/p\/flaga-ksztalt-3\/","og_site_name":"Ab Vision","article_publisher":"https:\/\/www.facebook.com\/agencja.abvision\/","article_modified_time":"2020-11-09T11:07:02+00:00","og_image":[{"width":758,"height":900,"url":"https:\/\/abvision.pl\/wp-content\/uploads\/2020\/09\/flaga-3.jpg","type":"image\/jpeg"}],"twitter_card":"summary_large_image","schema":{"@context":"https:\/\/schema.org","@graph":[{"@type":"WebPage","@id":"https:\/\/abvision.pl\/p\/flaga-ksztalt-3\/","url":"https:\/\/abvision.pl\/p\/flaga-ksztalt-3\/","name":"Flaga - Kszta\u0142t 3 | Ab Vision","isPartOf":{"@id":"https:\/\/abvision.pl\/#website"},"datePublished":"2020-09-03T20:24:50+00:00","dateModified":"2020-11-09T11:07:02+00:00","breadcrumb":{"@id":"https:\/\/abvision.pl\/p\/flaga-ksztalt-3\/#breadcrumb"},"inLanguage":"de","potentialAction":[{"@type":"ReadAction","target":["https:\/\/abvision.pl\/p\/flaga-ksztalt-3\/"]}]},{"@type":"BreadcrumbList","@id":"https:\/\/abvision.pl\/p\/flaga-ksztalt-3\/#breadcrumb","itemListElement":[{"@type":"ListItem","position":1,"name":"Strona g\u0142\u00f3wna","item":"https:\/\/abvision.pl\/de\/home-page-4\/"},{"@type":"ListItem","position":2,"name":"Gesch\u00e4ft","item":"https:\/\/abvision.pl\/de\/geschaft\/"},{"@type":"ListItem","position":3,"name":"Flaga &#8211; Kszta\u0142t 3"}]},{"@type":"WebSite","@id":"https:\/\/abvision.pl\/#website","url":"https:\/\/abvision.pl\/","name":"Ab Vision","description":"","potentialAction":[{"@type":"SearchAction","target":{"@type":"EntryPoint","urlTemplate":"https:\/\/abvision.pl\/?s={search_term_string}"},"query-input":"required name=search_term_string"}],"inLanguage":"de"}]}},"_links":{"self":[{"href":"https:\/\/abvision.pl\/de\/wp-json\/wp\/v2\/product\/2767"}],"collection":[{"href":"https:\/\/abvision.pl\/de\/wp-json\/wp\/v2\/product"}],"about":[{"href":"https:\/\/abvision.pl\/de\/wp-json\/wp\/v2\/types\/product"}],"wp:featuredmedia":[{"embeddable":true,"href":"https:\/\/abvision.pl\/de\/wp-json\/wp\/v2\/media\/2756"}],"wp:attachment":[{"href":"https:\/\/abvision.pl\/de\/wp-json\/wp\/v2\/media?parent=2767"}],"wp:term":[{"taxonomy":"product_cat","embeddable":true,"href":"https:\/\/abvision.pl\/de\/wp-json\/wp\/v2\/product_cat?post=2767"},{"taxonomy":"product_tag","embeddable":true,"href":"https:\/\/abvision.pl\/de\/wp-json\/wp\/v2\/product_tag?post=2767"}],"curies":[{"name":"wp","href":"https:\/\/api.w.org\/{rel}","templated":true}]}}