{"id":3237,"date":"2020-09-01T20:18:22","date_gmt":"2020-09-01T18:18:22","guid":{"rendered":"https:\/\/abvision.pl\/polityka-prywatnosci\/"},"modified":"2020-11-04T15:47:53","modified_gmt":"2020-11-04T14:47:53","slug":"polityka-prywatnosci","status":"publish","type":"page","link":"https:\/\/abvision.pl\/de\/polityka-prywatnosci\/","title":{"rendered":"Polityka prywatno\u015bci"},"content":{"rendered":"\r\n<h2>RODO<\/h2>\r\n\r\n\r\n\r\n<p>Realizuj\u0105c wymogi rozporz\u0105dzenia Parlamentu Europejskiego i Rady (UE) 2016\/679 z dnia 27 kwietnia 2016 r. w sprawie ochrony os\u00f3b fizycznych w zwi\u0105zku z przetwarzaniem danych osobowych i w sprawie swobodnego przep\u0142ywu takich danych oraz uchylenia dyrektywy 95\/46\/WE (og\u00f3lne rozporz\u0105dzenie o ochronie danych) (Dz.Urz. UE L 119, s.1).<\/p>\r\n\r\n\r\n\r\n<p>Firma AB Vision Sp. z o.o. Sp.k., pragnie przekaza\u0107 Pa\u0144stwu informacje na temat przetwarzania Pa\u0144stwa danych osobowych w AB Vision Sp. z o.o. Sp.k., jak r\u00f3wnie\u017c poinformowa\u0107 o przys\u0142uguj\u0105cych Pa\u0144stwu prawach z tym zwi\u0105zanych.<\/p>\r\n\r\n\r\n\r\n<ol type=\"1\">\r\n<li>Administratorem danych osobowych jest AB Vision Sp. z o.o. Sp.k. ul. Komunalna 4, 62-700 Turek, e-mail: recepcja@obatrans.pl<\/li>\r\n<li>Funkcj\u0119 Inspektora Ochrony Danych pe\u0142ni Pan Dawid Nogaj, adres e-mail: inspektor@bezpieczne-dane.eu<\/li>\r\n<li>Dane b\u0119d\u0105 przetwarzane do cel\u00f3w zwi\u0105zanych ze \u015bwiadczeniem us\u0142ug spedycyjnych i transportowych, na podstawie umowy, b\u0105d\u017a w innych przypadkach na podstawie udzielonej zgody na przetwarzanie danych osobowych w celu okre\u015blonym przy pozyskiwaniu przez Administratora danych osobowych przedmiotowej zgody.<\/li>\r\n<li>Dane osobowe b\u0119d\u0105 przechowywane przez okres niezb\u0119dny do realizacji cel\u00f3w okre\u015blonych w pkt 3, a po tym czasie przez okres oraz w zakresie wymaganym przez przepisy prawa powszechnie obowi\u0105zuj\u0105cego.<\/li>\r\n<li>Dane osobowe nie b\u0119d\u0105 udost\u0119pniane podmiotom innym ni\u017c upowa\u017cnione na podstawie obowi\u0105zuj\u0105cego prawa..<\/li>\r\n<li>Podanie danych osobowych ma charakter dobrowolny je\u017celi przetwarzanie danych osobowych odbywa si\u0119 na podstawie zgody osoby, kt\u00f3rej dane dotycz\u0105.<\/li>\r\n<li>Podanie danych osobowych ma charakter dobrowolny, je\u017celi podstaw\u0119 przetwarzania danych osobowych stanowi umowa mi\u0119dzy stronami, jednak w\u00f3wczas podanie danych jest niezb\u0119dne dla wykonania przedmiotowej umowy.<\/li>\r\n<li>Podane dane osobowe nie b\u0119d\u0105 przetwarzane w spos\u00f3b zautomatyzowany i nie b\u0119d\u0105 profilowane.<\/li>\r\n<li>Osobie, kt\u00f3rej dane osobowe dotycz\u0105 przys\u0142uguje prawo dost\u0119pu do swoich danych osobowych, ich sprostowania, usuni\u0119cia lub ograniczenia przetwarzania, a tak\u017ce przenoszenia danych w zakresie wynikaj\u0105cym z przepis\u00f3w prawa.<\/li>\r\n<li>Osobie, kt\u00f3rej dane osobowe dotycz\u0105 przys\u0142uguje r\u00f3wnie\u017c prawo do wniesienia sprzeciwu wobec dalszego przetwarzania, a w przypadku wyra\u017cenia zgody na przetwarzanie danych do jej wycofania. Skorzystanie z prawa do cofni\u0119cia zgody nie ma wp\u0142ywu na zgodno\u015b\u0107 z prawem przetwarzania, kt\u00f3re mia\u0142o miejsce do momentu wycofania zgody.<\/li>\r\n<li>Przys\u0142uguje Pa\u0144stwu prawo wniesienia skargi do organu nadzorczego \u2013 Prezesa Urz\u0119du Ochrony Danych Osobowych.<\/li>\r\n<\/ol>\r\n\r\n\r\n\r\n<h3>Ciasteczka<\/h3>\r\n\r\n\r\n\r\n<p>Je\u015bli zostawisz na naszej witrynie komentarz, b\u0119dziesz m\u00f3g\u0142 wybra\u0107 opcj\u0119 zapisu twojej nazwy, adresu email i adresu strony internetowej w ciasteczkach, dzi\u0119ki kt\u00f3rym podczas pisania kolejnych komentarzy powy\u017csze informacje b\u0119d\u0105 ju\u017c dogodnie uzupe\u0142nione. Te ciasteczka wygasaj\u0105 po roku.<\/p>\r\n\r\n\r\n\r\n<p>Je\u015bli odwiedzisz stron\u0119 logowania, utworzymy tymczasowe ciasteczko na potrzeby sprawdzenia czy twoja przegl\u0105darka akceptuje ciasteczka. To ciasteczko nie zawiera \u017cadnych danych osobistych i zostanie wyrzucone, kiedy zamkniesz przegl\u0105dark\u0119.<\/p>\r\n\r\n\r\n\r\n<p>Podczas logowania tworzymy dodatkowo kilka ciasteczek potrzebnych do zapisu twoich informacji logowania oraz wybranych opcji ekranu. Ciasteczka logowania wygasaj\u0105 po dw\u00f3ch dniach, a opcji ekranu po roku. Je\u015bli zaznaczysz opcj\u0119 \u201ePami\u0119taj mnie\u201d, logowanie wyga\u015bnie po dw\u00f3ch tygodniach. Je\u015bli wylogujesz si\u0119 ze swojego konta, ciasteczka logowania zostan\u0105 usuni\u0119te.<\/p>\r\n\r\n\r\n\r\n<p>Je\u015bli zmodyfikujesz albo opublikujesz artyku\u0142, w twojej przegl\u0105darce zostanie zapisane dodatkowe ciasteczko. To ciasteczko nie zawiera \u017cadnych danych osobistych, wskazuj\u0105c po prostu na identyfikator przed chwil\u0105 edytowanego artyku\u0142u. Wygasa ono po 1 dniu.<\/p>\r\n","protected":false},"excerpt":{"rendered":"<p>RODO Realizuj\u0105c wymogi rozporz\u0105dzenia Parlamentu Europejskiego i Rady (UE) 2016\/679 z dnia 27 kwietnia 2016 r. w sprawie ochrony os\u00f3b fizycznych w zwi\u0105zku z przetwarzaniem danych osobowych i w sprawie&hellip;<\/p>\n","protected":false},"author":1,"featured_media":0,"parent":0,"menu_order":0,"comment_status":"closed","ping_status":"open","template":"","meta":{"ngg_post_thumbnail":0},"yoast_head":"<!-- This site is optimized with the Yoast SEO plugin v19.6.1 - https:\/\/yoast.com\/wordpress\/plugins\/seo\/ -->\n<title>Polityka prywatno\u015bci | Ab Vision<\/title>\n<meta name=\"robots\" content=\"index, follow, max-snippet:-1, max-image-preview:large, max-video-preview:-1\" \/>\n<link rel=\"canonical\" href=\"https:\/\/abvision.pl\/de\/polityka-prywatnosci\/\" \/>\n<meta property=\"og:locale\" content=\"de_DE\" \/>\n<meta property=\"og:type\" content=\"article\" \/>\n<meta property=\"og:title\" content=\"Polityka prywatno\u015bci | Ab Vision\" \/>\n<meta property=\"og:description\" content=\"RODO Realizuj\u0105c wymogi rozporz\u0105dzenia Parlamentu Europejskiego i Rady (UE) 2016\/679 z dnia 27 kwietnia 2016 r. w sprawie ochrony os\u00f3b fizycznych w zwi\u0105zku z przetwarzaniem danych osobowych i w sprawie&hellip;\" \/>\n<meta property=\"og:url\" content=\"https:\/\/abvision.pl\/de\/polityka-prywatnosci\/\" \/>\n<meta property=\"og:site_name\" content=\"Ab Vision\" \/>\n<meta property=\"article:publisher\" content=\"https:\/\/www.facebook.com\/agencja.abvision\/\" \/>\n<meta property=\"article:modified_time\" content=\"2020-11-04T14:47:53+00:00\" \/>\n<meta property=\"og:image\" content=\"https:\/\/abvision.pl\/wp-content\/uploads\/2020\/10\/baner-reklamowy.jpg\" \/>\n\t<meta property=\"og:image:width\" content=\"1382\" \/>\n\t<meta property=\"og:image:height\" content=\"922\" \/>\n\t<meta property=\"og:image:type\" content=\"image\/jpeg\" \/>\n<meta name=\"twitter:card\" content=\"summary_large_image\" \/>\n<meta name=\"twitter:label1\" content=\"Gesch\u00e4tzte Lesezeit\" \/>\n\t<meta name=\"twitter:data1\" content=\"3\u00a0Minuten\" \/>\n<script type=\"application\/ld+json\" class=\"yoast-schema-graph\">{\"@context\":\"https:\/\/schema.org\",\"@graph\":[{\"@type\":\"WebPage\",\"@id\":\"https:\/\/abvision.pl\/de\/polityka-prywatnosci\/\",\"url\":\"https:\/\/abvision.pl\/de\/polityka-prywatnosci\/\",\"name\":\"Polityka prywatno\u015bci | Ab Vision\",\"isPartOf\":{\"@id\":\"https:\/\/abvision.pl\/#website\"},\"datePublished\":\"2020-09-01T18:18:22+00:00\",\"dateModified\":\"2020-11-04T14:47:53+00:00\",\"breadcrumb\":{\"@id\":\"https:\/\/abvision.pl\/de\/polityka-prywatnosci\/#breadcrumb\"},\"inLanguage\":\"de\",\"potentialAction\":[{\"@type\":\"ReadAction\",\"target\":[\"https:\/\/abvision.pl\/de\/polityka-prywatnosci\/\"]}]},{\"@type\":\"BreadcrumbList\",\"@id\":\"https:\/\/abvision.pl\/de\/polityka-prywatnosci\/#breadcrumb\",\"itemListElement\":[{\"@type\":\"ListItem\",\"position\":1,\"name\":\"Strona g\u0142\u00f3wna\",\"item\":\"https:\/\/abvision.pl\/de\/home-page-4\/\"},{\"@type\":\"ListItem\",\"position\":2,\"name\":\"Polityka prywatno\u015bci\"}]},{\"@type\":\"WebSite\",\"@id\":\"https:\/\/abvision.pl\/#website\",\"url\":\"https:\/\/abvision.pl\/\",\"name\":\"Ab Vision\",\"description\":\"\",\"potentialAction\":[{\"@type\":\"SearchAction\",\"target\":{\"@type\":\"EntryPoint\",\"urlTemplate\":\"https:\/\/abvision.pl\/?s={search_term_string}\"},\"query-input\":\"required name=search_term_string\"}],\"inLanguage\":\"de\"}]}<\/script>\n<!-- \/ Yoast SEO plugin. -->","yoast_head_json":{"title":"Polityka prywatno\u015bci | Ab Vision","robots":{"index":"index","follow":"follow","max-snippet":"max-snippet:-1","max-image-preview":"max-image-preview:large","max-video-preview":"max-video-preview:-1"},"canonical":"https:\/\/abvision.pl\/de\/polityka-prywatnosci\/","og_locale":"de_DE","og_type":"article","og_title":"Polityka prywatno\u015bci | Ab Vision","og_description":"RODO Realizuj\u0105c wymogi rozporz\u0105dzenia Parlamentu Europejskiego i Rady (UE) 2016\/679 z dnia 27 kwietnia 2016 r. w sprawie ochrony os\u00f3b fizycznych w zwi\u0105zku z przetwarzaniem danych osobowych i w sprawie&hellip;","og_url":"https:\/\/abvision.pl\/de\/polityka-prywatnosci\/","og_site_name":"Ab Vision","article_publisher":"https:\/\/www.facebook.com\/agencja.abvision\/","article_modified_time":"2020-11-04T14:47:53+00:00","og_image":[{"width":1382,"height":922,"url":"https:\/\/abvision.pl\/wp-content\/uploads\/2020\/10\/baner-reklamowy.jpg","type":"image\/jpeg"}],"twitter_card":"summary_large_image","twitter_misc":{"Gesch\u00e4tzte Lesezeit":"3\u00a0Minuten"},"schema":{"@context":"https:\/\/schema.org","@graph":[{"@type":"WebPage","@id":"https:\/\/abvision.pl\/de\/polityka-prywatnosci\/","url":"https:\/\/abvision.pl\/de\/polityka-prywatnosci\/","name":"Polityka prywatno\u015bci | Ab Vision","isPartOf":{"@id":"https:\/\/abvision.pl\/#website"},"datePublished":"2020-09-01T18:18:22+00:00","dateModified":"2020-11-04T14:47:53+00:00","breadcrumb":{"@id":"https:\/\/abvision.pl\/de\/polityka-prywatnosci\/#breadcrumb"},"inLanguage":"de","potentialAction":[{"@type":"ReadAction","target":["https:\/\/abvision.pl\/de\/polityka-prywatnosci\/"]}]},{"@type":"BreadcrumbList","@id":"https:\/\/abvision.pl\/de\/polityka-prywatnosci\/#breadcrumb","itemListElement":[{"@type":"ListItem","position":1,"name":"Strona g\u0142\u00f3wna","item":"https:\/\/abvision.pl\/de\/home-page-4\/"},{"@type":"ListItem","position":2,"name":"Polityka prywatno\u015bci"}]},{"@type":"WebSite","@id":"https:\/\/abvision.pl\/#website","url":"https:\/\/abvision.pl\/","name":"Ab Vision","description":"","potentialAction":[{"@type":"SearchAction","target":{"@type":"EntryPoint","urlTemplate":"https:\/\/abvision.pl\/?s={search_term_string}"},"query-input":"required name=search_term_string"}],"inLanguage":"de"}]}},"_links":{"self":[{"href":"https:\/\/abvision.pl\/de\/wp-json\/wp\/v2\/pages\/3237"}],"collection":[{"href":"https:\/\/abvision.pl\/de\/wp-json\/wp\/v2\/pages"}],"about":[{"href":"https:\/\/abvision.pl\/de\/wp-json\/wp\/v2\/types\/page"}],"author":[{"embeddable":true,"href":"https:\/\/abvision.pl\/de\/wp-json\/wp\/v2\/users\/1"}],"replies":[{"embeddable":true,"href":"https:\/\/abvision.pl\/de\/wp-json\/wp\/v2\/comments?post=3237"}],"version-history":[{"count":1,"href":"https:\/\/abvision.pl\/de\/wp-json\/wp\/v2\/pages\/3237\/revisions"}],"predecessor-version":[{"id":3898,"href":"https:\/\/abvision.pl\/de\/wp-json\/wp\/v2\/pages\/3237\/revisions\/3898"}],"wp:attachment":[{"href":"https:\/\/abvision.pl\/de\/wp-json\/wp\/v2\/media?parent=3237"}],"curies":[{"name":"wp","href":"https:\/\/api.w.org\/{rel}","templated":true}]}}