{"id":3192,"date":"2020-09-01T22:39:40","date_gmt":"2020-09-01T20:39:40","guid":{"rendered":"https:\/\/abvision.pl\/uslugi\/"},"modified":"2020-10-20T14:10:51","modified_gmt":"2020-10-20T12:10:51","slug":"dienstleistungen","status":"publish","type":"page","link":"https:\/\/abvision.pl\/de\/dienstleistungen\/","title":{"rendered":"Dienstleistungen"},"content":{"rendered":"<p>[vc_row][vc_column width=&#8220;2\/3&#8243; offset=&#8220;vc_col-lg-offset-2 vc_col-lg-8 vc_col-md-offset-0 vc_col-md-12 vc_col-sm-offset-0&#8243;][vc_custom_heading text=&#8220;Druckerei&#8220; font_container=&#8220;tag:h2|text_align:center&#8220; use_theme_fonts=&#8220;yes&#8220;][vc_column_text]<\/p>\n<p style=\"font-size: 16px;\">Wir verf\u00fcgen \u00fcber eine moderne Ausr\u00fcstung, die es uns erm\u00f6glicht, Polyestergewebe in hoher Qualit\u00e4t zu bedrucken. Ein charakteristisches Merkmal unserer Produkte ist die hohe Witterungsbest\u00e4ndigkeit und die hohe Wasserfestigkeit. Die Sublimation bietet unsch\u00e4tzbare M\u00f6glichkeiten zur Dekoration von Polymeroberfl\u00e4chen, sie kann erfolgreich zur Herstellung von Drucken auf Mousepads, Tassen, Handyh\u00fcllen usw. eingesetzt werden. Zu den unbestreitbaren Vorteilen des Sublimationsdrucks geh\u00f6ren: die hohe Qualit\u00e4t, die Pr\u00e4zision und die schnelle Druckzeit sowie die Rentabilit\u00e4t f\u00fcr kleine Auftragsmengen. Wir laden Sie zur Zusammenarbeit ein!<\/p>\n<p>[\/vc_column_text][vc_empty_space][vc_column_text]<\/p>\n<p style=\"color: #23232c; font-size: 22px; font-weight: 500; line-height: 34px; text-align: center;\">Wir stellen auch gro\u00dfformatige Drucke f\u00fcr Subunternehmer auf Transferpapier und Polyestermaterial her.<br \/>\nDie Druckbreite betr\u00e4gt 160-250 cm.<\/p>\n<p>[\/vc_column_text][vc_empty_space]<div class=\"sober-button-wrapper text-center\"><a href=\"\/wp-content\/uploads\/2020\/09\/Katalog-ABVISION.pdf\" target=\"_blank\" rel=\"nofollow\" class=\"sober-button button-type-normal button-color-dark align-center   button normal button-normal\">Katalog herunterladen<\/a><\/div>[vc_empty_space][vc_custom_heading text=&#8220;Grafische Projekte&#8220; font_container=&#8220;tag:h2|text_align:center&#8220; use_theme_fonts=&#8220;yes&#8220;][vc_column_text]<\/p>\n<blockquote>\n<p style=\"font-size: 16px;\">&#8222;Die reale Welt hat Grenzen, die Welt der Phantasie jedoch ist unbegrenzt.&#8220;<\/p>\n<\/blockquote>\n<p style=\"font-size: 16px;\">Das ist das Motto unserer Grafikdesigner, die Ihnen mit der modernsten Software helfen, Ihre Ideen in die Tat umzusetzen.<br \/>\nSie gehen an jedes Projekt individuell heran und k\u00fcmmern sich um jedes Detail, unabh\u00e4ngig davon, ob es sich um ein Werbegadget oder eine gro\u00dfformatige Werbung handelt.<\/p>\n<p>[\/vc_column_text][vc_empty_space]<div class=\"sober-button-wrapper text-center\"><a href=\"mailto:a.rojewski@abvision.pl\" target=\"_blank\" rel=\"nofollow\" class=\"sober-button button-type-normal button-color-dark align-center   button large button-large\">Kontaktieren Sie unseren Grafikdesigner<\/a><\/div>[vc_empty_space][vc_custom_heading text=&#8220;Service&#8220; font_container=&#8220;tag:h2|text_align:center&#8220; use_theme_fonts=&#8220;yes&#8220;][vc_column_text]<\/p>\n<p style=\"font-size: 16px;\">Wir produzieren Werbezelte und Werberegenschirme, aber das bedeutet nicht, dass wir sie nur verkaufen. Wir garantieren den Benutzern der Zelte von AB Vision den vollen Service, auch nach Ablauf der Garantie. Wir werden uns jahrelang um Ihr Zelt k\u00fcmmern.<\/p>\n<p style=\"font-size: 16px;\">Wenn Sie ein Zelt oder einen Regenschirm von einer anderen Firma als AB Vision haben und es bzw. er besch\u00e4digt wurde, schreiben Sie uns \u2013 wir helfen Ihnen auch dabei.<\/p>\n<p style=\"font-size: 16px;\">Der Service umfasst:<\/p>\n<ul>\n<li style=\"font-size: 16px;\">Austausch der Bespannung (alle Arten von Abrieb und Rissen im Stoff);<\/li>\n<li style=\"font-size: 16px;\">Austausch von Konstruktionselementen;<\/li>\n<li style=\"font-size: 16px;\">Reparatur des Gest\u00e4nges;<\/li>\n<li style=\"font-size: 16px;\">Austausch des Verschlusses;<\/li>\n<li style=\"font-size: 16px;\">Austausch einer oder mehrerer Tuchbreiten;<\/li>\n<li style=\"font-size: 16px;\">N\u00e4hdienste f\u00fcr zerrissene Elemente;<\/li>\n<li style=\"font-size: 16px;\">Reinigung der Bespannung.<\/li>\n<\/ul>\n<p style=\"font-size: 16px;\">Haben Sie ein altes Zelt oder einen alten Regenschirm und wissen nicht mehr, wo Sie ihn gekauft haben, m\u00f6chten aber eine andere Bespannung? \u2013 Schreiben Sie uns, und wir werden daf\u00fcr sorgen, dass Ihr Regenschirm bzw. Zelt ein zweites Leben bekommt.<\/p>\n<p>[\/vc_column_text][vc_empty_space]<div class=\"sober-button-wrapper text-center\"><a href=\"mailto:d.kozanowski@abvision.pl\" target=\"_blank\" rel=\"nofollow\" class=\"sober-button button-type-normal button-color-dark align-center   button normal button-normal\">Schreiben Sie uns<\/a><\/div>[\/vc_column][\/vc_row]<\/p>\n","protected":false},"excerpt":{"rendered":"<p>[vc_row][vc_column width=&#8220;2\/3&#8243; offset=&#8220;vc_col-lg-offset-2 vc_col-lg-8 vc_col-md-offset-0 vc_col-md-12 vc_col-sm-offset-0&#8243;][vc_custom_heading text=&#8220;Druckerei&#8220; font_container=&#8220;tag:h2|text_align:center&#8220; use_theme_fonts=&#8220;yes&#8220;][vc_column_text] Wir verf\u00fcgen \u00fcber eine moderne Ausr\u00fcstung, die es uns erm\u00f6glicht, Polyestergewebe in hoher Qualit\u00e4t zu bedrucken. Ein charakteristisches Merkmal unserer&hellip;<\/p>\n","protected":false},"author":1,"featured_media":0,"parent":0,"menu_order":0,"comment_status":"closed","ping_status":"closed","template":"","meta":{"ngg_post_thumbnail":0},"yoast_head":"<!-- This site is optimized with the Yoast SEO plugin v19.6.1 - https:\/\/yoast.com\/wordpress\/plugins\/seo\/ -->\n<title>Dienstleistungen | Ab Vision<\/title>\n<meta name=\"robots\" content=\"index, follow, max-snippet:-1, max-image-preview:large, max-video-preview:-1\" \/>\n<link rel=\"canonical\" href=\"https:\/\/abvision.pl\/de\/dienstleistungen\/\" \/>\n<meta property=\"og:locale\" content=\"de_DE\" \/>\n<meta property=\"og:type\" content=\"article\" \/>\n<meta property=\"og:title\" content=\"Dienstleistungen | Ab Vision\" \/>\n<meta property=\"og:description\" content=\"[vc_row][vc_column width=&#8220;2\/3&#8243; offset=&#8220;vc_col-lg-offset-2 vc_col-lg-8 vc_col-md-offset-0 vc_col-md-12 vc_col-sm-offset-0&#8243;][vc_custom_heading text=&#8220;Druckerei&#8220; font_container=&#8220;tag:h2|text_align:center&#8220; use_theme_fonts=&#8220;yes&#8220;][vc_column_text] Wir verf\u00fcgen \u00fcber eine moderne Ausr\u00fcstung, die es uns erm\u00f6glicht, Polyestergewebe in hoher Qualit\u00e4t zu bedrucken. Ein charakteristisches Merkmal unserer&hellip;\" \/>\n<meta property=\"og:url\" content=\"https:\/\/abvision.pl\/de\/dienstleistungen\/\" \/>\n<meta property=\"og:site_name\" content=\"Ab Vision\" \/>\n<meta property=\"article:publisher\" content=\"https:\/\/www.facebook.com\/agencja.abvision\/\" \/>\n<meta property=\"article:modified_time\" content=\"2020-10-20T12:10:51+00:00\" \/>\n<meta property=\"og:image\" content=\"https:\/\/abvision.pl\/wp-content\/uploads\/2020\/10\/baner-reklamowy.jpg\" \/>\n\t<meta property=\"og:image:width\" content=\"1382\" \/>\n\t<meta property=\"og:image:height\" content=\"922\" \/>\n\t<meta property=\"og:image:type\" content=\"image\/jpeg\" \/>\n<meta name=\"twitter:card\" content=\"summary_large_image\" \/>\n<meta name=\"twitter:label1\" content=\"Gesch\u00e4tzte Lesezeit\" \/>\n\t<meta name=\"twitter:data1\" content=\"2\u00a0Minuten\" \/>\n<script type=\"application\/ld+json\" class=\"yoast-schema-graph\">{\"@context\":\"https:\/\/schema.org\",\"@graph\":[{\"@type\":\"WebPage\",\"@id\":\"https:\/\/abvision.pl\/de\/dienstleistungen\/\",\"url\":\"https:\/\/abvision.pl\/de\/dienstleistungen\/\",\"name\":\"Dienstleistungen | Ab Vision\",\"isPartOf\":{\"@id\":\"https:\/\/abvision.pl\/#website\"},\"datePublished\":\"2020-09-01T20:39:40+00:00\",\"dateModified\":\"2020-10-20T12:10:51+00:00\",\"breadcrumb\":{\"@id\":\"https:\/\/abvision.pl\/de\/dienstleistungen\/#breadcrumb\"},\"inLanguage\":\"de\",\"potentialAction\":[{\"@type\":\"ReadAction\",\"target\":[\"https:\/\/abvision.pl\/de\/dienstleistungen\/\"]}]},{\"@type\":\"BreadcrumbList\",\"@id\":\"https:\/\/abvision.pl\/de\/dienstleistungen\/#breadcrumb\",\"itemListElement\":[{\"@type\":\"ListItem\",\"position\":1,\"name\":\"Strona g\u0142\u00f3wna\",\"item\":\"https:\/\/abvision.pl\/de\/home-page-4\/\"},{\"@type\":\"ListItem\",\"position\":2,\"name\":\"Dienstleistungen\"}]},{\"@type\":\"WebSite\",\"@id\":\"https:\/\/abvision.pl\/#website\",\"url\":\"https:\/\/abvision.pl\/\",\"name\":\"Ab Vision\",\"description\":\"\",\"potentialAction\":[{\"@type\":\"SearchAction\",\"target\":{\"@type\":\"EntryPoint\",\"urlTemplate\":\"https:\/\/abvision.pl\/?s={search_term_string}\"},\"query-input\":\"required name=search_term_string\"}],\"inLanguage\":\"de\"}]}<\/script>\n<!-- \/ Yoast SEO plugin. -->","yoast_head_json":{"title":"Dienstleistungen | Ab Vision","robots":{"index":"index","follow":"follow","max-snippet":"max-snippet:-1","max-image-preview":"max-image-preview:large","max-video-preview":"max-video-preview:-1"},"canonical":"https:\/\/abvision.pl\/de\/dienstleistungen\/","og_locale":"de_DE","og_type":"article","og_title":"Dienstleistungen | Ab Vision","og_description":"[vc_row][vc_column width=&#8220;2\/3&#8243; offset=&#8220;vc_col-lg-offset-2 vc_col-lg-8 vc_col-md-offset-0 vc_col-md-12 vc_col-sm-offset-0&#8243;][vc_custom_heading text=&#8220;Druckerei&#8220; font_container=&#8220;tag:h2|text_align:center&#8220; use_theme_fonts=&#8220;yes&#8220;][vc_column_text] Wir verf\u00fcgen \u00fcber eine moderne Ausr\u00fcstung, die es uns erm\u00f6glicht, Polyestergewebe in hoher Qualit\u00e4t zu bedrucken. Ein charakteristisches Merkmal unserer&hellip;","og_url":"https:\/\/abvision.pl\/de\/dienstleistungen\/","og_site_name":"Ab Vision","article_publisher":"https:\/\/www.facebook.com\/agencja.abvision\/","article_modified_time":"2020-10-20T12:10:51+00:00","og_image":[{"width":1382,"height":922,"url":"https:\/\/abvision.pl\/wp-content\/uploads\/2020\/10\/baner-reklamowy.jpg","type":"image\/jpeg"}],"twitter_card":"summary_large_image","twitter_misc":{"Gesch\u00e4tzte Lesezeit":"2\u00a0Minuten"},"schema":{"@context":"https:\/\/schema.org","@graph":[{"@type":"WebPage","@id":"https:\/\/abvision.pl\/de\/dienstleistungen\/","url":"https:\/\/abvision.pl\/de\/dienstleistungen\/","name":"Dienstleistungen | Ab Vision","isPartOf":{"@id":"https:\/\/abvision.pl\/#website"},"datePublished":"2020-09-01T20:39:40+00:00","dateModified":"2020-10-20T12:10:51+00:00","breadcrumb":{"@id":"https:\/\/abvision.pl\/de\/dienstleistungen\/#breadcrumb"},"inLanguage":"de","potentialAction":[{"@type":"ReadAction","target":["https:\/\/abvision.pl\/de\/dienstleistungen\/"]}]},{"@type":"BreadcrumbList","@id":"https:\/\/abvision.pl\/de\/dienstleistungen\/#breadcrumb","itemListElement":[{"@type":"ListItem","position":1,"name":"Strona g\u0142\u00f3wna","item":"https:\/\/abvision.pl\/de\/home-page-4\/"},{"@type":"ListItem","position":2,"name":"Dienstleistungen"}]},{"@type":"WebSite","@id":"https:\/\/abvision.pl\/#website","url":"https:\/\/abvision.pl\/","name":"Ab Vision","description":"","potentialAction":[{"@type":"SearchAction","target":{"@type":"EntryPoint","urlTemplate":"https:\/\/abvision.pl\/?s={search_term_string}"},"query-input":"required name=search_term_string"}],"inLanguage":"de"}]}},"_links":{"self":[{"href":"https:\/\/abvision.pl\/de\/wp-json\/wp\/v2\/pages\/3192"}],"collection":[{"href":"https:\/\/abvision.pl\/de\/wp-json\/wp\/v2\/pages"}],"about":[{"href":"https:\/\/abvision.pl\/de\/wp-json\/wp\/v2\/types\/page"}],"author":[{"embeddable":true,"href":"https:\/\/abvision.pl\/de\/wp-json\/wp\/v2\/users\/1"}],"replies":[{"embeddable":true,"href":"https:\/\/abvision.pl\/de\/wp-json\/wp\/v2\/comments?post=3192"}],"version-history":[{"count":4,"href":"https:\/\/abvision.pl\/de\/wp-json\/wp\/v2\/pages\/3192\/revisions"}],"predecessor-version":[{"id":3471,"href":"https:\/\/abvision.pl\/de\/wp-json\/wp\/v2\/pages\/3192\/revisions\/3471"}],"wp:attachment":[{"href":"https:\/\/abvision.pl\/de\/wp-json\/wp\/v2\/media?parent=3192"}],"curies":[{"name":"wp","href":"https:\/\/api.w.org\/{rel}","templated":true}]}}