{"id":3190,"date":"2020-09-09T10:24:14","date_gmt":"2020-09-09T08:24:14","guid":{"rendered":"https:\/\/abvision.pl\/wynajem\/"},"modified":"2020-10-20T14:13:51","modified_gmt":"2020-10-20T12:13:51","slug":"vermietung","status":"publish","type":"page","link":"https:\/\/abvision.pl\/de\/vermietung\/","title":{"rendered":"Vermietung"},"content":{"rendered":"<p>[vc_row][vc_column width=&#8220;2\/3&#8243; offset=&#8220;vc_col-lg-offset-2 vc_col-lg-8 vc_col-md-offset-0 vc_col-md-12 vc_col-sm-offset-0&#8243;][vc_column_text]<\/p>\n<p style=\"font-size: 16px;\">Unsere Firma bietet eine umfassende Vermietung von Zelten an. Wenn Sie ein gro\u00dfes Zelt f\u00fcr eine Veranstaltung im Freien oder etwas Kleineres als Express-Verkaufsstand ben\u00f6tigen, wenden Sie sich bitte an uns. Um den Erwartungen unserer Kunden gerecht zu werden, bieten wir auch an, das gemietete Zelt durch austauschbare, am Zelt angebrachte Grafiken zu personalisieren.<\/p>\n<p>[\/vc_column_text][vc_empty_space][vc_column_text]<\/p>\n<p style=\"color: #23232c; font-size: 22px; font-weight: 500; line-height: 34px; text-align: center;\">Mietpreise schon ab 199 PLN netto<\/p>\n<p>[\/vc_column_text][vc_empty_space]<div class=\"sober-button-wrapper text-center\"><a href=\"mailto:k.gil-sobczak@abvision.pl\" class=\"sober-button button-type-normal button-color-dark align-center   button normal button-normal\">Kontaktieren Sie uns<\/a><\/div>[vc_empty_space]<div class=\"sober-button-wrapper text-center\"><a href=\"\/de\/blog\/\" title=\"Blog\" class=\"sober-button button-type-normal button-color-dark align-center   button large button-large\">Wie man sich um sein Zelt k\u00fcmmert<\/a><\/div>[\/vc_column][\/vc_row]<\/p>\n","protected":false},"excerpt":{"rendered":"<p>[vc_row][vc_column width=&#8220;2\/3&#8243; offset=&#8220;vc_col-lg-offset-2 vc_col-lg-8 vc_col-md-offset-0 vc_col-md-12 vc_col-sm-offset-0&#8243;][vc_column_text] Unsere Firma bietet eine umfassende Vermietung von Zelten an. Wenn Sie ein gro\u00dfes Zelt f\u00fcr eine Veranstaltung im Freien oder etwas Kleineres als&hellip;<\/p>\n","protected":false},"author":1,"featured_media":0,"parent":0,"menu_order":0,"comment_status":"closed","ping_status":"closed","template":"","meta":{"ngg_post_thumbnail":0},"yoast_head":"<!-- This site is optimized with the Yoast SEO plugin v19.6.1 - https:\/\/yoast.com\/wordpress\/plugins\/seo\/ -->\n<title>Vermietung | Ab Vision<\/title>\n<meta name=\"robots\" content=\"index, follow, max-snippet:-1, max-image-preview:large, max-video-preview:-1\" \/>\n<link rel=\"canonical\" href=\"https:\/\/abvision.pl\/de\/vermietung\/\" \/>\n<meta property=\"og:locale\" content=\"de_DE\" \/>\n<meta property=\"og:type\" content=\"article\" \/>\n<meta property=\"og:title\" content=\"Vermietung | Ab Vision\" \/>\n<meta property=\"og:description\" content=\"[vc_row][vc_column width=&#8220;2\/3&#8243; offset=&#8220;vc_col-lg-offset-2 vc_col-lg-8 vc_col-md-offset-0 vc_col-md-12 vc_col-sm-offset-0&#8243;][vc_column_text] Unsere Firma bietet eine umfassende Vermietung von Zelten an. Wenn Sie ein gro\u00dfes Zelt f\u00fcr eine Veranstaltung im Freien oder etwas Kleineres als&hellip;\" \/>\n<meta property=\"og:url\" content=\"https:\/\/abvision.pl\/de\/vermietung\/\" \/>\n<meta property=\"og:site_name\" content=\"Ab Vision\" \/>\n<meta property=\"article:publisher\" content=\"https:\/\/www.facebook.com\/agencja.abvision\/\" \/>\n<meta property=\"article:modified_time\" content=\"2020-10-20T12:13:51+00:00\" \/>\n<meta property=\"og:image\" content=\"https:\/\/abvision.pl\/wp-content\/uploads\/2020\/10\/baner-reklamowy.jpg\" \/>\n\t<meta property=\"og:image:width\" content=\"1382\" \/>\n\t<meta property=\"og:image:height\" content=\"922\" \/>\n\t<meta property=\"og:image:type\" content=\"image\/jpeg\" \/>\n<meta name=\"twitter:card\" content=\"summary_large_image\" \/>\n<meta name=\"twitter:label1\" content=\"Gesch\u00e4tzte Lesezeit\" \/>\n\t<meta name=\"twitter:data1\" content=\"1\u00a0Minute\" \/>\n<script type=\"application\/ld+json\" class=\"yoast-schema-graph\">{\"@context\":\"https:\/\/schema.org\",\"@graph\":[{\"@type\":\"WebPage\",\"@id\":\"https:\/\/abvision.pl\/de\/vermietung\/\",\"url\":\"https:\/\/abvision.pl\/de\/vermietung\/\",\"name\":\"Vermietung | Ab Vision\",\"isPartOf\":{\"@id\":\"https:\/\/abvision.pl\/#website\"},\"datePublished\":\"2020-09-09T08:24:14+00:00\",\"dateModified\":\"2020-10-20T12:13:51+00:00\",\"breadcrumb\":{\"@id\":\"https:\/\/abvision.pl\/de\/vermietung\/#breadcrumb\"},\"inLanguage\":\"de\",\"potentialAction\":[{\"@type\":\"ReadAction\",\"target\":[\"https:\/\/abvision.pl\/de\/vermietung\/\"]}]},{\"@type\":\"BreadcrumbList\",\"@id\":\"https:\/\/abvision.pl\/de\/vermietung\/#breadcrumb\",\"itemListElement\":[{\"@type\":\"ListItem\",\"position\":1,\"name\":\"Strona g\u0142\u00f3wna\",\"item\":\"https:\/\/abvision.pl\/de\/home-page-4\/\"},{\"@type\":\"ListItem\",\"position\":2,\"name\":\"Vermietung\"}]},{\"@type\":\"WebSite\",\"@id\":\"https:\/\/abvision.pl\/#website\",\"url\":\"https:\/\/abvision.pl\/\",\"name\":\"Ab Vision\",\"description\":\"\",\"potentialAction\":[{\"@type\":\"SearchAction\",\"target\":{\"@type\":\"EntryPoint\",\"urlTemplate\":\"https:\/\/abvision.pl\/?s={search_term_string}\"},\"query-input\":\"required name=search_term_string\"}],\"inLanguage\":\"de\"}]}<\/script>\n<!-- \/ Yoast SEO plugin. -->","yoast_head_json":{"title":"Vermietung | Ab Vision","robots":{"index":"index","follow":"follow","max-snippet":"max-snippet:-1","max-image-preview":"max-image-preview:large","max-video-preview":"max-video-preview:-1"},"canonical":"https:\/\/abvision.pl\/de\/vermietung\/","og_locale":"de_DE","og_type":"article","og_title":"Vermietung | Ab Vision","og_description":"[vc_row][vc_column width=&#8220;2\/3&#8243; offset=&#8220;vc_col-lg-offset-2 vc_col-lg-8 vc_col-md-offset-0 vc_col-md-12 vc_col-sm-offset-0&#8243;][vc_column_text] Unsere Firma bietet eine umfassende Vermietung von Zelten an. Wenn Sie ein gro\u00dfes Zelt f\u00fcr eine Veranstaltung im Freien oder etwas Kleineres als&hellip;","og_url":"https:\/\/abvision.pl\/de\/vermietung\/","og_site_name":"Ab Vision","article_publisher":"https:\/\/www.facebook.com\/agencja.abvision\/","article_modified_time":"2020-10-20T12:13:51+00:00","og_image":[{"width":1382,"height":922,"url":"https:\/\/abvision.pl\/wp-content\/uploads\/2020\/10\/baner-reklamowy.jpg","type":"image\/jpeg"}],"twitter_card":"summary_large_image","twitter_misc":{"Gesch\u00e4tzte Lesezeit":"1\u00a0Minute"},"schema":{"@context":"https:\/\/schema.org","@graph":[{"@type":"WebPage","@id":"https:\/\/abvision.pl\/de\/vermietung\/","url":"https:\/\/abvision.pl\/de\/vermietung\/","name":"Vermietung | Ab Vision","isPartOf":{"@id":"https:\/\/abvision.pl\/#website"},"datePublished":"2020-09-09T08:24:14+00:00","dateModified":"2020-10-20T12:13:51+00:00","breadcrumb":{"@id":"https:\/\/abvision.pl\/de\/vermietung\/#breadcrumb"},"inLanguage":"de","potentialAction":[{"@type":"ReadAction","target":["https:\/\/abvision.pl\/de\/vermietung\/"]}]},{"@type":"BreadcrumbList","@id":"https:\/\/abvision.pl\/de\/vermietung\/#breadcrumb","itemListElement":[{"@type":"ListItem","position":1,"name":"Strona g\u0142\u00f3wna","item":"https:\/\/abvision.pl\/de\/home-page-4\/"},{"@type":"ListItem","position":2,"name":"Vermietung"}]},{"@type":"WebSite","@id":"https:\/\/abvision.pl\/#website","url":"https:\/\/abvision.pl\/","name":"Ab Vision","description":"","potentialAction":[{"@type":"SearchAction","target":{"@type":"EntryPoint","urlTemplate":"https:\/\/abvision.pl\/?s={search_term_string}"},"query-input":"required name=search_term_string"}],"inLanguage":"de"}]}},"_links":{"self":[{"href":"https:\/\/abvision.pl\/de\/wp-json\/wp\/v2\/pages\/3190"}],"collection":[{"href":"https:\/\/abvision.pl\/de\/wp-json\/wp\/v2\/pages"}],"about":[{"href":"https:\/\/abvision.pl\/de\/wp-json\/wp\/v2\/types\/page"}],"author":[{"embeddable":true,"href":"https:\/\/abvision.pl\/de\/wp-json\/wp\/v2\/users\/1"}],"replies":[{"embeddable":true,"href":"https:\/\/abvision.pl\/de\/wp-json\/wp\/v2\/comments?post=3190"}],"version-history":[{"count":5,"href":"https:\/\/abvision.pl\/de\/wp-json\/wp\/v2\/pages\/3190\/revisions"}],"predecessor-version":[{"id":3474,"href":"https:\/\/abvision.pl\/de\/wp-json\/wp\/v2\/pages\/3190\/revisions\/3474"}],"wp:attachment":[{"href":"https:\/\/abvision.pl\/de\/wp-json\/wp\/v2\/media?parent=3190"}],"curies":[{"name":"wp","href":"https:\/\/api.w.org\/{rel}","templated":true}]}}