{"id":3186,"date":"2020-09-09T10:24:17","date_gmt":"2020-09-09T08:24:17","guid":{"rendered":"https:\/\/abvision.pl\/namioty\/"},"modified":"2020-10-23T16:06:11","modified_gmt":"2020-10-23T14:06:11","slug":"zelte","status":"publish","type":"page","link":"https:\/\/abvision.pl\/de\/zelte\/","title":{"rendered":"Zelte"},"content":{"rendered":"<p>[vc_row][vc_column width=&#8220;2\/3&#8243; offset=&#8220;vc_col-lg-offset-2 vc_col-lg-8 vc_col-md-offset-0 vc_col-md-12 vc_col-sm-offset-0&#8243;][vc_column_text]<\/p>\n<p style=\"font-size: 16px;\">Unsere Zelte wurden im Hinblick auf gr\u00f6\u00dftm\u00f6glichen Komfort und Kundenzufriedenheit konzipiert.<br \/>\nDas Gest\u00e4nge wird von uns aus eloxiertem Aluminium mit einem Profil von 35\u00d735 mm hergestellt. Dar\u00fcber hinaus legen wir gro\u00dfen Wert auf die Langlebigkeit unseres Produkts, sodass die Aluminiumw\u00e4nde verdickt und 2 mm dick sind. Die Verbinder sind aus talkumgeh\u00e4rtetem Polypropylen hergestellt. Das Ganze wird von unseren Monteuren von Hand zusammengebaut.<br \/>\nDie Bespannung besteht aus einem Polyestergewebe mit einem Gewicht von 235 g\/m2. Das Gewebe zeichnet sich durch eine hohe Witterungsbest\u00e4ndigkeit und hohe Wasserfestigkeit aus.<\/p>\n<p>[\/vc_column_text][vc_video link=&#8220;https:\/\/www.youtube.com\/watch?v=dhSAFHoDIJw&#8220; css=&#8220;.vc_custom_1601487074690{margin-top: 20px !important;}&#8220;][vc_empty_space][vc_raw_html]JTVCaXB0X2ZzcW1fZm9ybSUyMGlkJTNEJTIyOSUyMiU1RA==[\/vc_raw_html][vc_empty_space height=&#8220;8px&#8220;][vc_column_text]<\/p>\n<p style=\"font-size: 16px;\"><strong>Hinweis<\/strong>: Die Konfiguration und der Kostenvoranschlag sind kostenlos und verpflichten nicht zum Kauf.<\/p>\n<p>[\/vc_column_text][\/vc_column][\/vc_row]<\/p>\n","protected":false},"excerpt":{"rendered":"<p>[vc_row][vc_column width=&#8220;2\/3&#8243; offset=&#8220;vc_col-lg-offset-2 vc_col-lg-8 vc_col-md-offset-0 vc_col-md-12 vc_col-sm-offset-0&#8243;][vc_column_text] Unsere Zelte wurden im Hinblick auf gr\u00f6\u00dftm\u00f6glichen Komfort und Kundenzufriedenheit konzipiert. Das Gest\u00e4nge wird von uns aus eloxiertem Aluminium mit einem Profil von&hellip;<\/p>\n","protected":false},"author":1,"featured_media":0,"parent":0,"menu_order":0,"comment_status":"closed","ping_status":"closed","template":"","meta":{"ngg_post_thumbnail":0},"yoast_head":"<!-- This site is optimized with the Yoast SEO plugin v19.6.1 - https:\/\/yoast.com\/wordpress\/plugins\/seo\/ -->\n<title>Zelte | Ab Vision<\/title>\n<meta name=\"robots\" content=\"index, follow, max-snippet:-1, max-image-preview:large, max-video-preview:-1\" \/>\n<link rel=\"canonical\" href=\"https:\/\/abvision.pl\/de\/zelte\/\" \/>\n<meta property=\"og:locale\" content=\"de_DE\" \/>\n<meta property=\"og:type\" content=\"article\" \/>\n<meta property=\"og:title\" content=\"Zelte | Ab Vision\" \/>\n<meta property=\"og:description\" content=\"[vc_row][vc_column width=&#8220;2\/3&#8243; offset=&#8220;vc_col-lg-offset-2 vc_col-lg-8 vc_col-md-offset-0 vc_col-md-12 vc_col-sm-offset-0&#8243;][vc_column_text] Unsere Zelte wurden im Hinblick auf gr\u00f6\u00dftm\u00f6glichen Komfort und Kundenzufriedenheit konzipiert. Das Gest\u00e4nge wird von uns aus eloxiertem Aluminium mit einem Profil von&hellip;\" \/>\n<meta property=\"og:url\" content=\"https:\/\/abvision.pl\/de\/zelte\/\" \/>\n<meta property=\"og:site_name\" content=\"Ab Vision\" \/>\n<meta property=\"article:publisher\" content=\"https:\/\/www.facebook.com\/agencja.abvision\/\" \/>\n<meta property=\"article:modified_time\" content=\"2020-10-23T14:06:11+00:00\" \/>\n<meta property=\"og:image\" content=\"https:\/\/abvision.pl\/wp-content\/uploads\/2020\/10\/baner-reklamowy.jpg\" \/>\n\t<meta property=\"og:image:width\" content=\"1382\" \/>\n\t<meta property=\"og:image:height\" content=\"922\" \/>\n\t<meta property=\"og:image:type\" content=\"image\/jpeg\" \/>\n<meta name=\"twitter:card\" content=\"summary_large_image\" \/>\n<meta name=\"twitter:label1\" content=\"Gesch\u00e4tzte Lesezeit\" \/>\n\t<meta name=\"twitter:data1\" content=\"1\u00a0Minute\" \/>\n<script type=\"application\/ld+json\" class=\"yoast-schema-graph\">{\"@context\":\"https:\/\/schema.org\",\"@graph\":[{\"@type\":\"WebPage\",\"@id\":\"https:\/\/abvision.pl\/de\/zelte\/\",\"url\":\"https:\/\/abvision.pl\/de\/zelte\/\",\"name\":\"Zelte | Ab Vision\",\"isPartOf\":{\"@id\":\"https:\/\/abvision.pl\/#website\"},\"datePublished\":\"2020-09-09T08:24:17+00:00\",\"dateModified\":\"2020-10-23T14:06:11+00:00\",\"breadcrumb\":{\"@id\":\"https:\/\/abvision.pl\/de\/zelte\/#breadcrumb\"},\"inLanguage\":\"de\",\"potentialAction\":[{\"@type\":\"ReadAction\",\"target\":[\"https:\/\/abvision.pl\/de\/zelte\/\"]}]},{\"@type\":\"BreadcrumbList\",\"@id\":\"https:\/\/abvision.pl\/de\/zelte\/#breadcrumb\",\"itemListElement\":[{\"@type\":\"ListItem\",\"position\":1,\"name\":\"Strona g\u0142\u00f3wna\",\"item\":\"https:\/\/abvision.pl\/de\/home-page-4\/\"},{\"@type\":\"ListItem\",\"position\":2,\"name\":\"Zelte\"}]},{\"@type\":\"WebSite\",\"@id\":\"https:\/\/abvision.pl\/#website\",\"url\":\"https:\/\/abvision.pl\/\",\"name\":\"Ab Vision\",\"description\":\"\",\"potentialAction\":[{\"@type\":\"SearchAction\",\"target\":{\"@type\":\"EntryPoint\",\"urlTemplate\":\"https:\/\/abvision.pl\/?s={search_term_string}\"},\"query-input\":\"required name=search_term_string\"}],\"inLanguage\":\"de\"}]}<\/script>\n<!-- \/ Yoast SEO plugin. -->","yoast_head_json":{"title":"Zelte | Ab Vision","robots":{"index":"index","follow":"follow","max-snippet":"max-snippet:-1","max-image-preview":"max-image-preview:large","max-video-preview":"max-video-preview:-1"},"canonical":"https:\/\/abvision.pl\/de\/zelte\/","og_locale":"de_DE","og_type":"article","og_title":"Zelte | Ab Vision","og_description":"[vc_row][vc_column width=&#8220;2\/3&#8243; offset=&#8220;vc_col-lg-offset-2 vc_col-lg-8 vc_col-md-offset-0 vc_col-md-12 vc_col-sm-offset-0&#8243;][vc_column_text] Unsere Zelte wurden im Hinblick auf gr\u00f6\u00dftm\u00f6glichen Komfort und Kundenzufriedenheit konzipiert. Das Gest\u00e4nge wird von uns aus eloxiertem Aluminium mit einem Profil von&hellip;","og_url":"https:\/\/abvision.pl\/de\/zelte\/","og_site_name":"Ab Vision","article_publisher":"https:\/\/www.facebook.com\/agencja.abvision\/","article_modified_time":"2020-10-23T14:06:11+00:00","og_image":[{"width":1382,"height":922,"url":"https:\/\/abvision.pl\/wp-content\/uploads\/2020\/10\/baner-reklamowy.jpg","type":"image\/jpeg"}],"twitter_card":"summary_large_image","twitter_misc":{"Gesch\u00e4tzte Lesezeit":"1\u00a0Minute"},"schema":{"@context":"https:\/\/schema.org","@graph":[{"@type":"WebPage","@id":"https:\/\/abvision.pl\/de\/zelte\/","url":"https:\/\/abvision.pl\/de\/zelte\/","name":"Zelte | Ab Vision","isPartOf":{"@id":"https:\/\/abvision.pl\/#website"},"datePublished":"2020-09-09T08:24:17+00:00","dateModified":"2020-10-23T14:06:11+00:00","breadcrumb":{"@id":"https:\/\/abvision.pl\/de\/zelte\/#breadcrumb"},"inLanguage":"de","potentialAction":[{"@type":"ReadAction","target":["https:\/\/abvision.pl\/de\/zelte\/"]}]},{"@type":"BreadcrumbList","@id":"https:\/\/abvision.pl\/de\/zelte\/#breadcrumb","itemListElement":[{"@type":"ListItem","position":1,"name":"Strona g\u0142\u00f3wna","item":"https:\/\/abvision.pl\/de\/home-page-4\/"},{"@type":"ListItem","position":2,"name":"Zelte"}]},{"@type":"WebSite","@id":"https:\/\/abvision.pl\/#website","url":"https:\/\/abvision.pl\/","name":"Ab Vision","description":"","potentialAction":[{"@type":"SearchAction","target":{"@type":"EntryPoint","urlTemplate":"https:\/\/abvision.pl\/?s={search_term_string}"},"query-input":"required name=search_term_string"}],"inLanguage":"de"}]}},"_links":{"self":[{"href":"https:\/\/abvision.pl\/de\/wp-json\/wp\/v2\/pages\/3186"}],"collection":[{"href":"https:\/\/abvision.pl\/de\/wp-json\/wp\/v2\/pages"}],"about":[{"href":"https:\/\/abvision.pl\/de\/wp-json\/wp\/v2\/types\/page"}],"author":[{"embeddable":true,"href":"https:\/\/abvision.pl\/de\/wp-json\/wp\/v2\/users\/1"}],"replies":[{"embeddable":true,"href":"https:\/\/abvision.pl\/de\/wp-json\/wp\/v2\/comments?post=3186"}],"version-history":[{"count":7,"href":"https:\/\/abvision.pl\/de\/wp-json\/wp\/v2\/pages\/3186\/revisions"}],"predecessor-version":[{"id":3641,"href":"https:\/\/abvision.pl\/de\/wp-json\/wp\/v2\/pages\/3186\/revisions\/3641"}],"wp:attachment":[{"href":"https:\/\/abvision.pl\/de\/wp-json\/wp\/v2\/media?parent=3186"}],"curies":[{"name":"wp","href":"https:\/\/api.w.org\/{rel}","templated":true}]}}